{"id":4475,"date":"2021-09-20T12:50:20","date_gmt":"2021-09-20T12:50:20","guid":{"rendered":"https:\/\/tesoropargo.aytolalaguna.es\/?page_id=4475"},"modified":"2021-10-04T08:45:15","modified_gmt":"2021-10-04T08:45:15","slug":"la-torre-de-la-concepcion_fr","status":"publish","type":"page","link":"https:\/\/tesoropargo.aytolalaguna.es\/inicio\/la-torre-de-la-concepcion_fr\/","title":{"rendered":"La Tour de la Conception"},"content":{"rendered":"<section class=\"l-section wpb_row height_medium\"><div class=\"l-section-h i-cf\"><div class=\"g-cols vc_row type_default valign_top\"><div class=\"vc_col-sm-12 wpb_column vc_column_container\"><div class=\"vc_column-inner\"><div class=\"wpb_wrapper\"><h2 class=\"w-post-elm post_title us_custom_6745946f align_center entry-title color_link_inherit has_text_color\">La Tour de la Conception<\/h2><div class=\"w-separator size_medium\"><\/div>[vc_raw_html]JTVCc2NfZW1iZWRfcGxheWVyX3RlbXBsYXRlMSUyMGZpbGV1cmwlM0QlMjJodHRwcyUzQSUyRiUyRnRlc29yb3BhcmdvLmF5dG9sYWxhZ3VuYS5lcyUyRndwLWNvbnRlbnQlMkZ1cGxvYWRzJTJGMjAyMSUyRjEwJTJGMi1MT0NVQ0lPTi1ESVZJRElEQS1GUi5tcDMlMjIlNUQ=[\/vc_raw_html]<div class=\"w-separator size_medium\"><\/div><div class=\"g-cols wpb_row  type_default valign_top vc_inner\"><div class=\"vc_col-sm-6 wpb_column vc_column_container\"><div class=\"vc_column-inner\"><div class=\"wpb_wrapper\"><div class=\"w-image align_center animate_afc\"><div class=\"w-image-h\"><img width=\"700\" height=\"523\" src=\"https:\/\/tesoropargo.aytolalaguna.es\/wp-content\/uploads\/2021\/06\/La-Concepcion-2.jpg\" class=\"attachment-large size-large\" alt=\"\" srcset=\"https:\/\/tesoropargo.aytolalaguna.es\/wp-content\/uploads\/2021\/06\/La-Concepcion-2.jpg 700w, https:\/\/tesoropargo.aytolalaguna.es\/wp-content\/uploads\/2021\/06\/La-Concepcion-2-300x224.jpg 300w, https:\/\/tesoropargo.aytolalaguna.es\/wp-content\/uploads\/2021\/06\/La-Concepcion-2-200x149.jpg 200w, https:\/\/tesoropargo.aytolalaguna.es\/wp-content\/uploads\/2021\/06\/La-Concepcion-2-535x400.jpg 535w\" sizes=\"(max-width: 700px) 100vw, 700px\" \/><\/div><\/div><\/div><\/div><\/div><div class=\"vc_col-sm-6 wpb_column vc_column_container\"><div class=\"vc_column-inner\"><div class=\"wpb_wrapper\"><div class=\"wpb_text_column\" ><div class=\"wpb_wrapper\"><p style=\"text-align: center;\"><span style=\"font-weight: 400;\">Bienvenue \u00e0 San Crist\u00f3bal de La Laguna ! Une ville d\u00e9clar\u00e9e \u00ab Patrimoine Mondial \u00bb par l&#8217;UNESCO en 1999, et dont les rues rec\u00e8lent bien des l\u00e9gendes et des histoires formidables.<\/span><\/p>\n<p style=\"text-align: center;\"><span style=\"font-weight: 400;\">Tu te trouves maintenant dans un des noyaux fondateurs de la ville. La tour de l\u2019\u00c9glise de la Conception, du haut de ses 28 m\u00e8tres, est un \u00e9l\u00e9ment embl\u00e9matique de la ville de La Laguna.<\/span><\/p>\n<\/div><\/div><\/div><\/div><\/div><\/div><\/div><\/div><\/div><\/div><\/div><\/section><section class=\"l-section wpb_row height_full valign_top with_img with_shape\"><div class=\"l-section-img\" style=\"background-image: url(https:\/\/tesoropargo.aytolalaguna.es\/wp-content\/uploads\/2021\/06\/FONDO-PARA-ACERTIJO-2_calavera-arriba.jpg);background-position: top center;background-repeat: no-repeat;\" data-img-width=\"1055\" data-img-height=\"1500\"><\/div><div class=\"l-section-shape type_custom pos_top\" style=\"color:var(--color-content-bg);\"><svg xmlns=\"http:\/\/www.w3.org\/2000\/svg\" viewBox=\"0 0 1000 100\" preserveAspectRatio=\"none\" width=\"100%\" height=\"100%\" fill=\"currentColor\">\r\n<\/svg><\/div><div class=\"l-section-h i-cf\"><div class=\"g-cols vc_row type_default valign_top\"><div class=\"vc_col-sm-12 wpb_column vc_column_container\"><div class=\"vc_column-inner\"><div class=\"wpb_wrapper\"><div class=\"w-separator size_custom\" style=\"height:120px\"><\/div><div class=\"wpb_text_column\" ><div class=\"wpb_wrapper\"><h2 style=\"text-align: center;\"><b>\u00c9NIGME:<\/b><\/h2>\n<\/div><\/div><div class=\"w-separator size_medium\"><\/div><div class=\"wpb_text_column\" ><div class=\"wpb_wrapper\"><p style=\"text-align: center;\"><span style=\"font-weight: 400;\">Pour d\u00e9couvrir le prochain indice, observe la tour de la Conception. Combien de fen\u00eatres ferm\u00e9es a-t-elle ?<\/span><\/p>\n<\/div><\/div><div class=\"w-separator size_medium\"><\/div><div class=\"wptrigger_contents\"><a name=\"wptriggers33\"><\/a><div class=\"wptrigger_contents\">\r\n\t\t\t<div class=\"wptrigger_content\"> <input type=\"text\" class=\"wptgg_pass_key1 wptrigger1   wptrigger33-triggerbox\" placeholder=\"Indique la solution ici\"  \/> <input type=\"submit\" class=\"alignment below_100_100 wptrigger33-button\" style=\"\" value=\"V\u00c9RIFIER\"><\/input><span class=\"wptgg_action\">&nbsp;<\/span>\r\n\t\t\t<div class=\"wptrigger_append\"><\/div>\r\n\t\t<\/div>\r\n\t<\/div><form class=\"wptgg_form\" method=\"post\" action=\"\">\r\n\t\t<input type=\"hidden\" class = \"hi_wptgg_id\" value=\"33\" \/>\r\n\t\t<input type=\"hidden\" class = \"hi_pass_key\" value=\"\" \/>\r\n\t\t<input type=\"hidden\" class = \"hi_wptgg_num\" value=\"1\" \/>\r\n\t\t<input type=\"hidden\" name=\"\" class=\"hi_wptrr_pass_keys\" value=\"\" \/>\r\n\t\t<input type=\"hidden\" name=\"hi_wptgg_history_id\" class=\"hi_wptgg_history_id\" value=\"\" \/>\r\n\t\t<input type=\"hidden\" name=\"hi_wptgg_optinbox_sent\" class=\"hi_wptgg_optinbox_sent\" value=\"false\" \/>\r\n\t<\/form><\/div>\r\n\r\n<\/div><\/div><\/div><\/div><\/div><\/section><section class=\"l-section wpb_row us_custom_d4456c59 height_medium\"><div class=\"l-section-h i-cf\"><div class=\"g-cols vc_row type_default valign_top\"><div class=\"vc_col-sm-4 wpb_column vc_column_container\"><div class=\"vc_column-inner\"><div class=\"wpb_wrapper\"><div class=\"w-tabs us_custom_e4eb24e1 style_default switch_click accordion has_scrolling title_atcenter icon_chevron iconpos_right\"><div class=\"w-tabs-sections\"><div class=\"w-tabs-sections-h\"><div class=\"w-tabs-section with_icon\" id=\"1623947364509-9de55e98-98343270-5b024ee2-822e\"><button aria-controls=\"content-1623947364509-9de55e98-98343270-5b024ee2-822e\" class=\"w-tabs-section-header\"><div class=\"w-tabs-section-header-h\"><i class=\"fal fa-compass\"><\/i><h5 class=\"w-tabs-section-title\">J\u2019ai besoin d\u2019aide ! &#8211; INDICES<\/h5><div class=\"w-tabs-section-control\"><\/div><\/div><\/button><div class=\"w-tabs-section-content\" id=\"content-1623947364509-9de55e98-98343270-5b024ee2-822e\" aria-expanded=\"false\"><div class=\"w-tabs-section-content-h i-cf\"><div class=\"wpb_text_column\" ><div class=\"wpb_wrapper\"><p><span style=\"font-weight: 400;\">Clique sur les indices pour les r\u00e9v\u00e9ler. Essaie d\u2019en utiliser le moins possible.<\/span><\/p>\n<\/div><\/div><div class=\"w-flipbox animation_cardflip direction_w\"><div class=\"w-flipbox-h easing_ease\" style=\"transition-duration:0.5s;\"><div class=\"w-flipbox-hh\"><div class=\"w-flipbox-front \" style=\"background:var(--color-header-transparent-bg);color:#333333;background-image:url(https:\/\/tesoropargo.aytolalaguna.es\/wp-content\/uploads\/2021\/06\/WhatsApp-Image-2021-06-18-at-16.12.59.jpeg);\"><div class=\"w-flipbox-front-h\"><h4 class=\"w-flipbox-front-title\" style=\"color:#333333;\">Indice 1<\/h4><\/div><\/div><div class=\"w-flipbox-back \" style=\"display:none;\"><div class=\"w-flipbox-back-h\"><div class=\"w-flipbox-back-desc\"><p>Cherche les fen\u00eatres sur la tour noire<\/p>\n<\/div><\/div><\/div><\/div><\/div><\/div><div class=\"w-separator size_medium\"><\/div><div class=\"w-flipbox animation_cardflip direction_w\"><div class=\"w-flipbox-h easing_ease\" style=\"transition-duration:0.5s;\"><div class=\"w-flipbox-hh\"><div class=\"w-flipbox-front \" style=\"background:var(--color-header-transparent-bg);color:#333333;background-image:url(https:\/\/tesoropargo.aytolalaguna.es\/wp-content\/uploads\/2021\/06\/WhatsApp-Image-2021-06-18-at-16.12.59.jpeg);\"><div class=\"w-flipbox-front-h\"><h4 class=\"w-flipbox-front-title\" style=\"color:#333333;\">Indice 2<\/h4><\/div><\/div><div class=\"w-flipbox-back \" style=\"display:none;\"><div class=\"w-flipbox-back-h\"><div class=\"w-flipbox-back-desc\"><p>Compte bien les fen\u00eatres de tous les c\u00f4t\u00e9s de la tour<\/p>\n<\/div><\/div><\/div><\/div><\/div><\/div><div class=\"w-separator size_medium\"><\/div><div class=\"w-flipbox animation_cardflip direction_w\"><div class=\"w-flipbox-h easing_ease\" style=\"transition-duration:0.5s;\"><div class=\"w-flipbox-hh\"><div class=\"w-flipbox-front \" style=\"background:var(--color-header-transparent-bg);color:#333333;background-image:url(https:\/\/tesoropargo.aytolalaguna.es\/wp-content\/uploads\/2021\/06\/WhatsApp-Image-2021-06-18-at-16.12.59.jpeg);\"><div class=\"w-flipbox-front-h\"><h4 class=\"w-flipbox-front-title\" style=\"color:#333333;\">Indice 3<\/h4><\/div><\/div><div class=\"w-flipbox-back \" style=\"display:none;\"><div class=\"w-flipbox-back-h\"><div class=\"w-flipbox-back-desc\"><p>Le num\u00e9ro \u00e0 inscrire est entre 10 et 20 fen\u00eatres<\/p>\n<\/div><\/div><\/div><\/div><\/div><\/div><div class=\"w-separator size_medium\"><\/div><div class=\"wpb_text_column\" ><div class=\"wpb_wrapper\"><p style=\"text-align: center;\"><span style=\"font-weight: 400;\">Tu n\u2019y arrives pas, m\u00eame avec l\u2019aide des indices ? Tu peux voir la solution \u00e0 travers ce lien: <\/span><\/p>\n<\/div><\/div><div class=\"w-flipbox animation_cardflip direction_w\"><div class=\"w-flipbox-h easing_ease\" style=\"transition-duration:0.5s;\"><div class=\"w-flipbox-hh\"><div class=\"w-flipbox-front \" style=\"background:var(--color-content-secondary);color:#ffffff;\"><div class=\"w-flipbox-front-h\"><h4 class=\"w-flipbox-front-title\" style=\"color:#ffffff;\">Solution?<\/h4><\/div><\/div><div class=\"w-flipbox-back \" style=\"display:none;\"><div class=\"w-flipbox-back-h\"><div class=\"w-flipbox-back-desc\"><p>14, la tour noire a 14 fen\u00eatres<\/p>\n<\/div><\/div><\/div><\/div><\/div><\/div><\/div><\/div><\/div><\/div><\/div><\/div><div class=\"w-hwrapper align_left valign_top wrap\"><\/div><\/div><\/div><\/div><div class=\"vc_col-sm-4 wpb_column vc_column_container\"><div class=\"vc_column-inner\"><div class=\"wpb_wrapper\"><\/div><\/div><\/div><div class=\"vc_col-sm-4 wpb_column vc_column_container\"><div class=\"vc_column-inner\"><div class=\"wpb_wrapper\"><\/div><\/div><\/div><\/div><\/div><\/section>\n","protected":false},"excerpt":{"rendered":"La Tour de la Conception[vc_raw_html]JTVCc2NfZW1iZWRfcGxheWVyX3RlbXBsYXRlMSUyMGZpbGV1cmwlM0QlMjJodHRwcyUzQSUyRiUyRnRlc29yb3BhcmdvLmF5dG9sYWxhZ3VuYS5lcyUyRndwLWNvbnRlbnQlMkZ1cGxvYWRzJTJGMjAyMSUyRjEwJTJGMi1MT0NVQ0lPTi1ESVZJRElEQS1GUi5tcDMlMjIlNUQ=[\/vc_raw_html]Bienvenue \u00e0 San Crist\u00f3bal de La Laguna ! Une ville d\u00e9clar\u00e9e \u00ab Patrimoine Mondial \u00bb par l&#8217;UNESCO en 1999, et dont les rues rec\u00e8lent bien des l\u00e9gendes et des histoires formidables. Tu te trouves maintenant dans un des noyaux fondateurs de la ville. La tour de l\u2019\u00c9glise de la Conception, du...","protected":false},"author":2,"featured_media":0,"parent":0,"menu_order":0,"comment_status":"closed","ping_status":"closed","template":"","meta":[],"_links":{"self":[{"href":"https:\/\/tesoropargo.aytolalaguna.es\/inicio\/wp-json\/wp\/v2\/pages\/4475"}],"collection":[{"href":"https:\/\/tesoropargo.aytolalaguna.es\/inicio\/wp-json\/wp\/v2\/pages"}],"about":[{"href":"https:\/\/tesoropargo.aytolalaguna.es\/inicio\/wp-json\/wp\/v2\/types\/page"}],"author":[{"embeddable":true,"href":"https:\/\/tesoropargo.aytolalaguna.es\/inicio\/wp-json\/wp\/v2\/users\/2"}],"replies":[{"embeddable":true,"href":"https:\/\/tesoropargo.aytolalaguna.es\/inicio\/wp-json\/wp\/v2\/comments?post=4475"}],"version-history":[{"count":8,"href":"https:\/\/tesoropargo.aytolalaguna.es\/inicio\/wp-json\/wp\/v2\/pages\/4475\/revisions"}],"predecessor-version":[{"id":5024,"href":"https:\/\/tesoropargo.aytolalaguna.es\/inicio\/wp-json\/wp\/v2\/pages\/4475\/revisions\/5024"}],"wp:attachment":[{"href":"https:\/\/tesoropargo.aytolalaguna.es\/inicio\/wp-json\/wp\/v2\/media?parent=4475"}],"curies":[{"name":"wp","href":"https:\/\/api.w.org\/{rel}","templated":true}]}}