{"id":4455,"date":"2021-09-20T12:23:15","date_gmt":"2021-09-20T12:23:15","guid":{"rendered":"https:\/\/tesoropargo.aytolalaguna.es\/?page_id=4455"},"modified":"2022-07-01T11:53:26","modified_gmt":"2022-07-01T11:53:26","slug":"preparando-la-aventura_fr","status":"publish","type":"page","link":"https:\/\/tesoropargo.aytolalaguna.es\/inicio\/preparando-la-aventura_fr\/","title":{"rendered":"Avant de commencer !"},"content":{"rendered":"<section class=\"l-section wpb_row height_medium\"><div class=\"l-section-h i-cf\"><div class=\"g-cols vc_row type_default valign_top\"><div class=\"vc_col-sm-12 wpb_column vc_column_container\"><div class=\"vc_column-inner\"><div class=\"wpb_wrapper\"><div class=\"wpb_text_column\" ><div class=\"wpb_wrapper\"><h1 style=\"text-align: center;\">Avant de commencer !<\/h1>\n<p style=\"text-align: center;\"><span style=\"font-weight: 400;\">l faut d\u2019abord v\u00e9rifier que tu as tout le n\u00e9cessaire pour partir \u00e0 la recherche de ce fameux tr\u00e9sor.<\/span><\/p>\n<\/div><\/div><div class=\"w-separator size_large\"><\/div><div class=\"wpb_text_column\" ><div class=\"wpb_wrapper\"><\/div><\/div>[vc_raw_html css=\u00bb%7B%22default%22%3A%7B%22text-align%22%3A%22center%22%7D%7D\u00bb]JTVCc2NfZW1iZWRfcGxheWVyX3RlbXBsYXRlMSUyMGZpbGV1cmwlM0QlMjJodHRwcyUzQSUyRiUyRnRlc29yb3BhcmdvLmF5dG9sYWxhZ3VuYS5lcyUyRndwLWNvbnRlbnQlMkZ1cGxvYWRzJTJGMjAyMSUyRjEwJTJGMC1MT0NVQ0lPTi1ESVZJRElEQS1GUi5tcDMlMjIlNUQlMEElMEElMEE=[\/vc_raw_html]<div class=\"w-separator size_large\"><\/div><div class=\"wpb_text_column\" ><div class=\"wpb_wrapper\"><h2 style=\"text-align: center;\"><b>J\u2019ai besoin de:<\/b><\/h2>\n<\/div><\/div><div class=\"w-separator size_medium with_line width_default thick_1 style_solid color_border align_center\"><div class=\"w-separator-h\"><\/div><\/div><div class=\"g-cols wpb_row  type_default valign_top vc_inner\"><div class=\"vc_col-sm-4 wpb_column vc_column_container\"><div class=\"vc_column-inner\"><div class=\"wpb_wrapper\"><div class=\"w-iconbox iconpos_top style_default color_primary align_center\"><div class=\"w-iconbox-icon\"><i class=\"fal fa-mobile\"><\/i><\/div><div class=\"w-iconbox-meta\"><h4 class=\"w-iconbox-title\">Smartphone<\/h4><div class=\"w-iconbox-text\"><p><span style=\"font-weight: 400;\">Un t\u00e9l\u00e9phone mobile avec la batterie suffisamment charg\u00e9e et une connexion \u00e0 internet.<\/span><\/p>\n<\/div><\/div><\/div><\/div><\/div><\/div><div class=\"vc_col-sm-4 wpb_column vc_column_container\"><div class=\"vc_column-inner\"><div class=\"wpb_wrapper\"><div class=\"w-iconbox iconpos_top style_default color_primary align_center\"><div class=\"w-iconbox-icon\"><i class=\"fal fa-users\"><\/i><\/div><div class=\"w-iconbox-meta\"><h4 class=\"w-iconbox-title\">Co\u00e9quipiers<\/h4><div class=\"w-iconbox-text\"><p><span style=\"font-weight: 400;\">Lance-toi dans la qu\u00eate au tr\u00e9sor avec des co\u00e9quipiers. Tu peux jouer seul, mais c\u2019est toujours plus amusant en groupe.<\/span><\/p>\n<\/div><\/div><\/div><\/div><\/div><\/div><div class=\"vc_col-sm-4 wpb_column vc_column_container\"><div class=\"vc_column-inner\"><div class=\"wpb_wrapper\"><div class=\"w-iconbox iconpos_top style_default color_primary align_center\"><div class=\"w-iconbox-icon\"><i class=\"fal fa-location\"><\/i><\/div><div class=\"w-iconbox-meta\"><h4 class=\"w-iconbox-title\">Je suis au point de d\u00e9part<\/h4><div class=\"w-iconbox-text\"><p style=\"text-align: center;\"><span style=\"font-weight: 400;\">Le point de d\u00e9part du jeu est la Tour de l&#8217;\u00e9glise de la Concepci\u00f3n de La Laguna. Si tu ne sais pas o\u00f9 elle se trouve, voil\u00e0 une carte :<\/span><\/p>\n<p style=\"text-align: center;\"><a href=\"https:\/\/goo.gl\/maps\/8f97ruyfA3w9xNdh9\" target=\"_blank\" rel=\"noopener\"><img class=\"alignnone wp-image-3479 size-medium\" src=\"https:\/\/tesoropargo.aytolalaguna.es\/wp-content\/uploads\/2021\/06\/ICONO-PARA-LOS-MAPAS-300x217.png\" alt=\"\" width=\"300\" height=\"217\" srcset=\"https:\/\/tesoropargo.aytolalaguna.es\/wp-content\/uploads\/2021\/06\/ICONO-PARA-LOS-MAPAS-300x217.png 300w, https:\/\/tesoropargo.aytolalaguna.es\/wp-content\/uploads\/2021\/06\/ICONO-PARA-LOS-MAPAS-200x145.png 200w, https:\/\/tesoropargo.aytolalaguna.es\/wp-content\/uploads\/2021\/06\/ICONO-PARA-LOS-MAPAS.png 400w\" sizes=\"(max-width: 300px) 100vw, 300px\" \/><\/a><\/p>\n<p style=\"text-align: center;\"><span style=\"font-weight: 400;\">Clique sur la carte pour trouver la tour<\/span><\/p>\n<\/div><\/div><\/div><\/div><\/div><\/div><div class=\"vc_col-sm-12 wpb_column vc_column_container\"><div class=\"vc_column-inner\"><div class=\"wpb_wrapper\"><div class=\"w-separator size_medium\"><\/div><div class=\"wpb_text_column\" ><div class=\"wpb_wrapper\"><h2 style=\"text-align: center;\"><b>Comment jouer?<\/b><\/h2>\n<\/div><\/div><div class=\"w-separator size_medium with_line width_default thick_1 style_solid color_border align_center\"><div class=\"w-separator-h\"><\/div><\/div><\/div><\/div><\/div><\/div><div class=\"g-cols wpb_row  type_default valign_top vc_inner\"><div class=\"vc_col-sm-4 wpb_column vc_column_container\"><div class=\"vc_column-inner\"><div class=\"wpb_wrapper\"><div class=\"w-iconbox iconpos_top style_default color_primary align_center\"><div class=\"w-iconbox-icon\"><i class=\"fal fa-eye\"><\/i><\/div><div class=\"w-iconbox-meta\"><h4 class=\"w-iconbox-title\">Lis avec attention<\/h4><div class=\"w-iconbox-text\"><p><span style=\"font-weight: 400;\">Lis avec attention les pistes et l\u2019histoire.<\/span><\/p>\n<\/div><\/div><\/div><\/div><\/div><\/div><div class=\"vc_col-sm-4 wpb_column vc_column_container\"><div class=\"vc_column-inner\"><div class=\"wpb_wrapper\"><div class=\"w-iconbox iconpos_top style_default color_primary align_center\"><div class=\"w-iconbox-icon\"><i class=\"fal fa-lock\"><\/i><\/div><div class=\"w-iconbox-meta\"><h4 class=\"w-iconbox-title\">R\u00e9sous les \u00e9nigmes<\/h4><div class=\"w-iconbox-text\"><p><span style=\"font-weight: 400;\">R\u00e9sous les \u00e9nigmes et avance dans le jeu.<\/span><\/p>\n<\/div><\/div><\/div><\/div><\/div><\/div><div class=\"vc_col-sm-4 wpb_column vc_column_container\"><div class=\"vc_column-inner\"><div class=\"wpb_wrapper\"><div class=\"w-iconbox iconpos_top style_default color_primary align_center\"><div class=\"w-iconbox-icon\"><i class=\"fal fa-key\"><\/i><\/div><div class=\"w-iconbox-meta\"><h4 class=\"w-iconbox-title\">Indique la solution<\/h4><div class=\"w-iconbox-text\"><p>Donne la bonne solution.<br \/>\nPour s\u2019assurer que tout fonctionne, inscris le mot \u00abJOUER\u00bb dans le cadre ci-dessous et clique sur v\u00e9rifier. <em> Rappelle-toi, tu pourras faire autant d\u2019essais que tu veux. Le message changera si tu inscris le bon mot. \u00a0<\/em><\/p>\n<div class=\"wptrigger_contents\"><a name=\"wptriggers32\"><\/a><div class=\"wptrigger_contents\">\r\n\t\t\t<div class=\"wptrigger_content\"> <input type=\"text\" class=\"wptgg_pass_key1 wptrigger1   wptrigger32-triggerbox\" placeholder=\"Indique la solution ici\"  \/> <input type=\"submit\" class=\"alignment below_100_100 wptrigger32-button\" style=\"\" value=\"V\u00c9RIFIER\"><\/input><span class=\"wptgg_action\">&nbsp;<\/span>\r\n\t\t\t<div class=\"wptrigger_append\"><\/div>\r\n\t\t<\/div>\r\n\t<\/div><form class=\"wptgg_form\" method=\"post\" action=\"\">\r\n\t\t<input type=\"hidden\" class = \"hi_wptgg_id\" value=\"32\" \/>\r\n\t\t<input type=\"hidden\" class = \"hi_pass_key\" value=\"\" \/>\r\n\t\t<input type=\"hidden\" class = \"hi_wptgg_num\" value=\"1\" \/>\r\n\t\t<input type=\"hidden\" name=\"\" class=\"hi_wptrr_pass_keys\" value=\"\" \/>\r\n\t\t<input type=\"hidden\" name=\"hi_wptgg_history_id\" class=\"hi_wptgg_history_id\" value=\"\" \/>\r\n\t\t<input type=\"hidden\" name=\"hi_wptgg_optinbox_sent\" class=\"hi_wptgg_optinbox_sent\" value=\"false\" \/>\r\n\t<\/form><\/div>\n<\/div><\/div><\/div><\/div><\/div><\/div><\/div><\/div><\/div><\/div><\/div><\/div><\/section><section class=\"l-section wpb_row height_large color_alternate\"><div class=\"l-section-h i-cf\"><div class=\"g-cols vc_row type_default valign_top\"><div class=\"vc_col-sm-12 wpb_column vc_column_container\"><div class=\"vc_column-inner\"><div class=\"wpb_wrapper\"><div class=\"wpb_text_column\" ><div class=\"wpb_wrapper\"><h2 style=\"text-align: center;\"><b>Tout est pr\u00eat!<\/b><\/h2>\n<\/div><\/div><div class=\"w-separator size_medium\"><\/div><div class=\"w-image align_center\"><div class=\"w-image-h\"><img width=\"300\" height=\"300\" src=\"https:\/\/tesoropargo.aytolalaguna.es\/wp-content\/uploads\/2021\/07\/Cabeza-tumba_AP_blanco-300x300.png\" class=\"attachment-medium size-medium\" alt=\"\" srcset=\"https:\/\/tesoropargo.aytolalaguna.es\/wp-content\/uploads\/2021\/07\/Cabeza-tumba_AP_blanco-300x300.png 300w, https:\/\/tesoropargo.aytolalaguna.es\/wp-content\/uploads\/2021\/07\/Cabeza-tumba_AP_blanco-150x150.png 150w, https:\/\/tesoropargo.aytolalaguna.es\/wp-content\/uploads\/2021\/07\/Cabeza-tumba_AP_blanco-200x200.png 200w, https:\/\/tesoropargo.aytolalaguna.es\/wp-content\/uploads\/2021\/07\/Cabeza-tumba_AP_blanco-400x400.png 400w, https:\/\/tesoropargo.aytolalaguna.es\/wp-content\/uploads\/2021\/07\/Cabeza-tumba_AP_blanco.png 1000w\" sizes=\"(max-width: 300px) 100vw, 300px\" \/><\/div><\/div><div class=\"w-btn-wrapper width_auto align_center\"><a class=\"w-btn us-btn-style_1\" title=\"Comienza la aventura\" href=\"https:\/\/tesoropargo.aytolalaguna.es\/comienza-la-aventura_fr\/\"><span class=\"w-btn-label\">ACCEPTER LES CONDITIONS ET COMMENCER LE JEU<\/span><\/a><\/div><div class=\"w-separator size_medium\"><\/div><div class=\"w-btn-wrapper width_auto align_center\"><a class=\"w-btn us-btn-style_6\" title=\"Comienza la aventura\" href=\"https:\/\/tesoropargo.aytolalaguna.es\/terminos-y-condiciones_fr\/\"><span class=\"w-btn-label\">TERMES ET CONDITIONS<\/span><\/a><\/div><\/div><\/div><\/div><\/div><\/div><\/section>\n","protected":false},"excerpt":{"rendered":"Avant de commencer ! l faut d\u2019abord v\u00e9rifier que tu as tout le n\u00e9cessaire pour partir \u00e0 la recherche de ce fameux tr\u00e9sor. [vc_raw_html css=\"%7B%22default%22%3A%7B%22text-align%22%3A%22center%22%7D%7D\"]JTVCc2NfZW1iZWRfcGxheWVyX3RlbXBsYXRlMSUyMGZpbGV1cmwlM0QlMjJodHRwcyUzQSUyRiUyRnRlc29yb3BhcmdvLmF5dG9sYWxhZ3VuYS5lcyUyRndwLWNvbnRlbnQlMkZ1cGxvYWRzJTJGMjAyMSUyRjEwJTJGMC1MT0NVQ0lPTi1ESVZJRElEQS1GUi5tcDMlMjIlNUQlMEElMEElMEE=[\/vc_raw_html]J\u2019ai besoin de: SmartphoneUn t\u00e9l\u00e9phone mobile avec la batterie suffisamment charg\u00e9e et une connexion \u00e0 internet. Co\u00e9quipiersLance-toi dans la qu\u00eate au tr\u00e9sor avec des co\u00e9quipiers. Tu peux jouer seul, mais c\u2019est...","protected":false},"author":2,"featured_media":0,"parent":0,"menu_order":0,"comment_status":"closed","ping_status":"closed","template":"","meta":[],"_links":{"self":[{"href":"https:\/\/tesoropargo.aytolalaguna.es\/inicio\/wp-json\/wp\/v2\/pages\/4455"}],"collection":[{"href":"https:\/\/tesoropargo.aytolalaguna.es\/inicio\/wp-json\/wp\/v2\/pages"}],"about":[{"href":"https:\/\/tesoropargo.aytolalaguna.es\/inicio\/wp-json\/wp\/v2\/types\/page"}],"author":[{"embeddable":true,"href":"https:\/\/tesoropargo.aytolalaguna.es\/inicio\/wp-json\/wp\/v2\/users\/2"}],"replies":[{"embeddable":true,"href":"https:\/\/tesoropargo.aytolalaguna.es\/inicio\/wp-json\/wp\/v2\/comments?post=4455"}],"version-history":[{"count":12,"href":"https:\/\/tesoropargo.aytolalaguna.es\/inicio\/wp-json\/wp\/v2\/pages\/4455\/revisions"}],"predecessor-version":[{"id":5213,"href":"https:\/\/tesoropargo.aytolalaguna.es\/inicio\/wp-json\/wp\/v2\/pages\/4455\/revisions\/5213"}],"wp:attachment":[{"href":"https:\/\/tesoropargo.aytolalaguna.es\/inicio\/wp-json\/wp\/v2\/media?parent=4455"}],"curies":[{"name":"wp","href":"https:\/\/api.w.org\/{rel}","templated":true}]}}