{"id":4444,"date":"2021-09-20T11:55:02","date_gmt":"2021-09-20T11:55:02","guid":{"rendered":"https:\/\/tesoropargo.aytolalaguna.es\/?page_id=4444"},"modified":"2025-05-13T10:20:33","modified_gmt":"2025-05-13T10:20:33","slug":"jugar_fr","status":"publish","type":"page","link":"https:\/\/tesoropargo.aytolalaguna.es\/inicio\/jugar_fr\/","title":{"rendered":"Jugar_fr"},"content":{"rendered":"<section class=\"l-section wpb_row height_full valign_top width_full with_img with_video with_youtube with_shape\"><div class=\"l-section-img\" style=\"background-image: url(https:\/\/tesoropargo.aytolalaguna.es\/wp-content\/uploads\/2021\/06\/Portada-Juego_movil.jpg);\" data-img-width=\"1448\" data-img-height=\"1461\"><\/div><div class=\"l-section-video\" data-video-disable-width=\"800\"><iframe src=\"\/\/www.youtube.com\/embed\/-2c_3by-prQ?autoplay=1&loop=1&playlist=-2c_3by-prQ&controls=0&mute=1&iv_load_policy=3&disablekb=1&wmode=transparent\" allowfullscreen=\"1\"><\/iframe><\/div><div class=\"l-section-shape type_custom pos_bottom\" style=\"color:var(--color-content-bg);\"><svg xmlns=\"http:\/\/www.w3.org\/2000\/svg\" viewBox=\"0 0 1000 100\" preserveAspectRatio=\"none\" width=\"100%\" height=\"100%\" fill=\"currentColor\">\r\n<\/svg><\/div><div class=\"l-section-h i-cf\"><div class=\"g-cols vc_row type_default valign_top\"><div class=\"vc_col-sm-12 wpb_column vc_column_container\"><div class=\"vc_column-inner\"><div class=\"wpb_wrapper\"><div class=\"wpb_text_column us_custom_ac6ded5f has_text_color\" ><div class=\"wpb_wrapper\"><p style=\"text-align: center;\"><strong>Pr\u00eat.e \u00e0 d\u00e9couvrir le plus grand tr\u00e9sor des Canaries ?<\/strong><\/p>\n<\/div><\/div><\/div><\/div><\/div><\/div><\/div><\/section><section class=\"l-section wpb_row height_auto\" id=\"jugar\"><div class=\"l-section-h i-cf\"><div class=\"g-cols vc_row type_default valign_middle\"><div class=\"vc_col-sm-6 wpb_column vc_column_container align_center_xs\"><div class=\"vc_column-inner\"><div class=\"wpb_wrapper\"><div class=\"w-separator size_medium\"><\/div><div class=\"wpb_text_column\" ><div class=\"wpb_wrapper\"><h2 style=\"text-align: center;\"><b>Le Tr\u00e9sor d\u2019Amaro Pargo<\/b><\/h2>\n<p style=\"text-align: center;\"><span style=\"font-weight: 400;\">Un jeu pour d\u00e9couvrir le tr\u00e9sor cach\u00e9 de la ville de San Crist\u00f3bal de La Laguna<\/span><\/p>\n<\/div><\/div><div class=\"w-separator size_small\"><\/div><div class=\"w-btn-wrapper width_auto align_center\"><a class=\"w-btn us-btn-style_1\" title=\"\u00a1preparando la aventura!\" href=\"https:\/\/tesoropargo.aytolalaguna.es\/preparando-la-aventura_fr\/\"><span class=\"w-btn-label\">JOUER<\/span><\/a><\/div><div class=\"w-separator size_small\"><\/div><div class=\"w-btn-wrapper width_auto align_center\"><a class=\"w-btn us-btn-style_6\" href=\"#instrucciones\"><span class=\"w-btn-label\">Instructions<\/span><\/a><\/div><div class=\"w-separator size_huge\"><\/div><\/div><\/div><\/div><div class=\"vc_col-sm-6 wpb_column vc_column_container\"><div class=\"vc_column-inner\"><div class=\"wpb_wrapper\"><div class=\"w-video align_center ratio_4x3 with_overlay\" style=\"background-image:url(https:\/\/tesoropargo.aytolalaguna.es\/wp-content\/uploads\/2021\/06\/Amaro_Pargo.jpg);\"><div class=\"w-video-h\"><script type=\"us-template\/html\"><iframe src=\"\/\/www.youtube.com\/embed\/oi1MpDfueus?autoplay=1&controls=1&origin=https%3A%2F%2Ftesoropargo.aytolalaguna.es&playlist=oi1MpDfueus\" allowfullscreen=\"1\"><\/iframe><\/script><\/div><div class=\"w-video-icon\" style=\"font-size:1.5rem;background:rgba(0,0,0,0.5);color:#fff;\"><\/div><\/div><\/div><\/div><\/div><\/div><\/div><\/section><section class=\"l-section wpb_row height_medium\"><div class=\"l-section-h i-cf\"><div class=\"g-cols vc_row type_default valign_top\"><div class=\"vc_col-sm-12 wpb_column vc_column_container\"><div class=\"vc_column-inner\"><div class=\"wpb_wrapper\"><div class=\"w-hwrapper align_center valign_middle\"><div class=\"w-image align_center\"><div class=\"w-image-h\"><img width=\"800\" height=\"300\" src=\"https:\/\/tesoropargo.aytolalaguna.es\/wp-content\/uploads\/2025\/05\/Logo-Ayto-La-Laguna.png\" class=\"attachment-full size-full\" alt=\"\" srcset=\"https:\/\/tesoropargo.aytolalaguna.es\/wp-content\/uploads\/2025\/05\/Logo-Ayto-La-Laguna.png 800w, https:\/\/tesoropargo.aytolalaguna.es\/wp-content\/uploads\/2025\/05\/Logo-Ayto-La-Laguna-300x113.png 300w, https:\/\/tesoropargo.aytolalaguna.es\/wp-content\/uploads\/2025\/05\/Logo-Ayto-La-Laguna-200x75.png 200w, https:\/\/tesoropargo.aytolalaguna.es\/wp-content\/uploads\/2025\/05\/Logo-Ayto-La-Laguna-600x225.png 600w\" sizes=\"(max-width: 800px) 100vw, 800px\" \/><\/div><\/div><\/div><\/div><\/div><\/div><\/div><\/div><\/section><section class=\"l-section wpb_row height_full valign_center with_img\" id=\"instrucciones\"><div class=\"l-section-img\" style=\"background-image: url(https:\/\/tesoropargo.aytolalaguna.es\/wp-content\/uploads\/2021\/06\/FONDO-PARA-ACERTIJO-2_barco.jpg);\" data-img-width=\"1055\" data-img-height=\"1500\"><\/div><div class=\"l-section-h i-cf\"><div class=\"g-cols vc_row type_default valign_top\"><div class=\"vc_col-sm-12 wpb_column vc_column_container animate_afb\"><div class=\"vc_column-inner\"><div class=\"wpb_wrapper\"><div class=\"w-separator size_large\"><\/div><div class=\"wpb_text_column\" ><div class=\"wpb_wrapper\"><h2 style=\"text-align: center;\">Instructions:<\/h2>\n<p style=\"text-align: center;\"><span style=\"font-weight: 400;\">Jouer \u00e0 ce jeu est tr\u00e8s simple.<\/span><\/p>\n<\/div><\/div><div class=\"w-separator size_medium\"><\/div><div class=\"g-cols wpb_row  type_default valign_middle vc_inner\"><div class=\"vc_col-sm-4 wpb_column vc_column_container\"><div class=\"vc_column-inner\"><div class=\"wpb_wrapper\"><div class=\"w-iconbox iconpos_top style_default color_secondary align_center\"><div class=\"w-iconbox-icon\" style=\"font-size:3rem;\"><i class=\"fal fa-users\"><\/i><\/div><div class=\"w-iconbox-meta\"><h5 class=\"w-iconbox-title\">Joue avec des amis<\/h5><div class=\"w-iconbox-text\"><p><span style=\"font-weight: 400;\">Joue entre amis et en famille, en pr\u00e9sentiel. C\u2019est un jeu tout public et 100% gratuit: z\u00e9ro publicit\u00e9, et pas besoin de s\u2019inscrire.<\/span><\/p>\n<\/div><\/div><\/div><\/div><\/div><\/div><div class=\"vc_col-sm-4 wpb_column vc_column_container\"><div class=\"vc_column-inner\"><div class=\"wpb_wrapper\"><div class=\"w-iconbox iconpos_top style_default color_secondary align_center\"><div class=\"w-iconbox-icon\" style=\"font-size:3rem;\"><i class=\"fal fa-gem\"><\/i><\/div><div class=\"w-iconbox-meta\"><h5 class=\"w-iconbox-title\">Trouve le tr\u00e9sor<\/h5><div class=\"w-iconbox-text\"><p><span style=\"font-weight: 400;\">Mais \u00e7a ne sera pas si facile. Qui a dit que trouver un tr\u00e9sor \u00e9tait facile ? Pas d\u2019inqui\u00e9tude : si tu as besoin d\u2019aide, tu pourras utiliser les indices. Alors, tu acceptes le d\u00e9fi ?<\/span><\/p>\n<\/div><\/div><\/div><\/div><\/div><\/div><div class=\"vc_col-sm-4 wpb_column vc_column_container\"><div class=\"vc_column-inner\"><div class=\"wpb_wrapper\"><div class=\"w-iconbox iconpos_top style_default color_secondary align_center\"><div class=\"w-iconbox-icon\" style=\"font-size:3rem;\"><i class=\"fal fa-bullhorn\"><\/i><\/div><div class=\"w-iconbox-meta\"><h5 class=\"w-iconbox-title\">Partage<\/h5><div class=\"w-iconbox-text\"><p><span style=\"font-weight: 400;\">Pour que toutes et tous puissent profiter de ce jeu. Partage-le, d\u00e9fie tes amis et tes coll\u00e8gues de trouver le tr\u00e9sor.\u00a0<\/span><\/p>\n<\/div><\/div><\/div><\/div><\/div><\/div><\/div><div class=\"w-separator size_custom\" style=\"height:180px\"><\/div><\/div><\/div><\/div><\/div><\/div><\/section><section class=\"l-section wpb_row height_auto\"><div class=\"l-section-h i-cf\"><div class=\"g-cols vc_row type_default valign_middle reversed\"><div class=\"vc_col-sm-4 wpb_column vc_column_container animate_afl\"><div class=\"vc_column-inner\"><div class=\"wpb_wrapper\"><div class=\"w-separator size_large\"><\/div><div class=\"w-image align_none\"><div class=\"w-image-h\"><img width=\"1000\" height=\"1103\" src=\"https:\/\/tesoropargo.aytolalaguna.es\/wp-content\/uploads\/2021\/07\/Juego-con-la-torre-de-la-concepcion.jpg\" class=\"attachment-us_375_667_crop size-us_375_667_crop\" alt=\"\" srcset=\"https:\/\/tesoropargo.aytolalaguna.es\/wp-content\/uploads\/2021\/07\/Juego-con-la-torre-de-la-concepcion.jpg 1000w, https:\/\/tesoropargo.aytolalaguna.es\/wp-content\/uploads\/2021\/07\/Juego-con-la-torre-de-la-concepcion-272x300.jpg 272w, https:\/\/tesoropargo.aytolalaguna.es\/wp-content\/uploads\/2021\/07\/Juego-con-la-torre-de-la-concepcion-928x1024.jpg 928w, https:\/\/tesoropargo.aytolalaguna.es\/wp-content\/uploads\/2021\/07\/Juego-con-la-torre-de-la-concepcion-181x200.jpg 181w, https:\/\/tesoropargo.aytolalaguna.es\/wp-content\/uploads\/2021\/07\/Juego-con-la-torre-de-la-concepcion-363x400.jpg 363w\" sizes=\"(max-width: 1000px) 100vw, 1000px\" \/><\/div><\/div><div class=\"w-separator size_large\"><\/div><\/div><\/div><\/div><div class=\"vc_col-sm-8 wpb_column vc_column_container animate_afr\"><div class=\"vc_column-inner\"><div class=\"wpb_wrapper\"><div class=\"wpb_text_column\" ><div class=\"wpb_wrapper\"><h2 style=\"text-align: center;\"><b>Comment jouer ? \u00a0 <\/b><\/h2>\n<p style=\"text-align: center;\"><span style=\"font-weight: 400;\">C\u2019est simple, tu auras seulement besoin d\u2019un smartphone connect\u00e9 \u00e0 internet. Facile ! Il te faudra r\u00e9soudre les diff\u00e9rentes \u00e9nigmes pour avancer dans le jeu et trouver le tr\u00e9sor. Tu peux jouer en solo ou en groupe, avec des proches, des amis.<\/span><\/p>\n<\/div><\/div><\/div><\/div><\/div><\/div><\/div><\/section><section class=\"l-section wpb_row height_full valign_top with_img parallax_ver parallaxdir_reversed\"><div class=\"l-section-img\" style=\"background-image: url(https:\/\/tesoropargo.aytolalaguna.es\/wp-content\/uploads\/2021\/06\/2_El-Tesoro-de-Amaro-Pargo-copia-scaled.jpg);background-position: top center;\" data-img-width=\"2560\" data-img-height=\"1440\"><\/div><div class=\"l-section-h i-cf\"><div class=\"g-cols vc_row type_default valign_middle\"><div class=\"vc_col-sm-8 wpb_column vc_column_container animate_afl\"><div class=\"vc_column-inner\"><div class=\"wpb_wrapper\"><div class=\"w-separator size_medium\"><\/div><div class=\"wpb_text_column\" ><div class=\"wpb_wrapper\"><h2 style=\"text-align: center;\"><b>D\u00e9couvre La Laguna sous un autre jour\u00a0 \u00a0 \u00a0 <\/b><\/h2>\n<p style=\"text-align: center;\"><b>\u00a0<\/b><span style=\"font-weight: 400;\">Une <\/span><span style=\"font-weight: 400;\">mani\u00e8re amusante et unique de d\u00e9couvrir les tr\u00e9sors que cache la ville de San Crist\u00f3bal de La Laguna.<\/span><\/p>\n<\/div><\/div><div class=\"w-separator size_medium\"><\/div><div class=\"g-cols wpb_row  type_default valign_top vc_inner\"><div class=\"vc_col-sm-6 wpb_column vc_column_container\"><div class=\"vc_column-inner\"><div class=\"wpb_wrapper\"><div class=\"w-counter us_custom_75a45f8e color_secondary align_center\" data-duration=\"2000\"><div class=\"w-counter-value\"><span class=\"w-counter-value-part type_text\" data-final=\"+\"><\/span><span class=\"w-counter-value-part type_number\" data-final=\"450\">1<\/span><span class=\"w-counter-value-part type_text\" data-final=\"\"><\/span><\/div><h6 class=\"w-counter-title\">Parties jou\u00e9es<\/h6><\/div><\/div><\/div><\/div><div class=\"vc_col-sm-6 wpb_column vc_column_container\"><div class=\"vc_column-inner\"><div class=\"wpb_wrapper\"><div class=\"w-counter us_custom_75a45f8e color_secondary align_center\" data-duration=\"2000\"><div class=\"w-counter-value\"><span class=\"w-counter-value-part type_text\" data-final=\"+\"><\/span><span class=\"w-counter-value-part type_number\" data-final=\"1500\">1<\/span><span class=\"w-counter-value-part type_text\" data-final=\"\"><\/span><\/div><h6 class=\"w-counter-title\">Joueurs<\/h6><\/div><\/div><\/div><\/div><\/div><\/div><\/div><\/div><div class=\"vc_col-sm-4 wpb_column vc_column_container animate_afr\"><div class=\"vc_column-inner\"><div class=\"wpb_wrapper\"><\/div><\/div><\/div><\/div><\/div><\/section><section class=\"l-section wpb_row height_auto\" id=\"reviews\"><div class=\"l-section-h i-cf\"><div class=\"g-cols vc_row type_default valign_top\"><div class=\"vc_col-sm-12 wpb_column vc_column_container animate_afb\"><div class=\"vc_column-inner\"><div class=\"wpb_wrapper\"><div class=\"w-separator size_medium\"><\/div><div class=\"wpb_text_column\" ><div class=\"wpb_wrapper\"><h2 style=\"text-align: center;\"><b>Commentaires\u00a0 <\/b><\/h2>\n<p style=\"text-align: center;\"><span style=\"font-weight: 400;\">D\u00e9couvre ce qu\u2019en pensent les autres joueurs et joueuses<\/span><\/p>\n<\/div><\/div><div class=\"w-separator size_large\"><\/div><div class=\"w-grid type_grid layout_testimonial_6 cols_2\" id=\"us_grid_1\" data-filterable=\"true\"><style id=\"us_grid_1_css\">#us_grid_1 .w-grid-item{padding:1.5rem}#us_grid_1 .w-grid-list{margin:-1.5rem}.w-grid + #us_grid_1 .w-grid-list{margin-top:1.5rem}@media (max-width:599px){#us_grid_1 .w-grid-list{margin:0}#us_grid_1 .w-grid-item{width:100.0000%;padding:0;margin-bottom:1.5rem}}<\/style><style>.layout_testimonial_6 .w-grid-item-h{}.layout_testimonial_6 .usg_hwrapper_1{padding-top:1.5rem!important;padding-right:2.5rem!important;padding-left:2.5rem!important}.layout_testimonial_6 .usg_post_image_1{width:4rem!important;margin-left:0!important;margin-right:1rem!important}.layout_testimonial_6 .usg_post_custom_field_1{font-weight:700!important;line-height:1.5!important;margin-bottom:0!important}.layout_testimonial_6 .usg_post_custom_field_2{color:var(--color-content-faded)!important;font-size:0.9rem!important;line-height:1.5!important}.layout_testimonial_6 .usg_vwrapper_2{color:var(--color-content-text)!important;border-radius:0.3rem!important;background:var(--color-content-bg-alt)!important;padding:2rem 2.5rem 2rem 2.5rem!important}.layout_testimonial_6 .usg_post_custom_field_3{color:#fb0!important}<\/style><div class=\"w-grid-list\" >\t<article class=\"w-grid-item post-4917 us_testimonial type-us_testimonial status-publish hentry us_testimonial_category-frances\" data-id=\"4917\">\r\n\t\t<div class=\"w-grid-item-h\">\r\n\t\t\t\t\t\t<div class=\"w-vwrapper usg_vwrapper_2 align_left valign_top grid_arrow_bottom\"><div class=\"w-post-elm post_content usg_post_content_1\"><p>Une fa\u00e7on diff\u00e9rente et tr\u00e8s belle de conna\u00eetre cette belle ville de San Crist\u00f3bal de La Laguna, et de conna\u00eetre un peu son histoire, l&#8217;histoire de toutes les Canaries.<br \/>\nMerci \u00e0 la mairie d&#8217;avoir propos\u00e9 cette mani\u00e8re ludique de d\u00e9couvrir notre patrimoine.<\/p>\n<\/div><\/div><div class=\"w-hwrapper usg_hwrapper_1 align_left valign_middle\"><div class=\"w-vwrapper usg_vwrapper_1 align_left valign_top\"><div class=\"w-post-elm post_custom_field usg_post_custom_field_1 type_text\"><p>John Doe<\/p>\n<\/div><div class=\"w-post-elm post_custom_field usg_post_custom_field_2 type_text has_text_color\"><\/div><\/div><\/div>\t\t<\/div>\r\n\t<\/article>\r\n\t<article class=\"w-grid-item post-4915 us_testimonial type-us_testimonial status-publish hentry us_testimonial_category-frances\" data-id=\"4915\">\r\n\t\t<div class=\"w-grid-item-h\">\r\n\t\t\t\t\t\t<div class=\"w-vwrapper usg_vwrapper_2 align_left valign_top grid_arrow_bottom\"><div class=\"w-post-elm post_content usg_post_content_1\"><p>Nous avons pass\u00e9 un tr\u00e8s bon moment et les enfants \u00e9taient ravis. Ils ont beaucoup appris\u2026 Nous avons ador\u00e9 !!<\/p>\n<\/div><\/div><div class=\"w-hwrapper usg_hwrapper_1 align_left valign_middle\"><div class=\"w-vwrapper usg_vwrapper_1 align_left valign_top\"><div class=\"w-post-elm post_custom_field usg_post_custom_field_1 type_text\"><p>Susana<\/p>\n<\/div><div class=\"w-post-elm post_custom_field usg_post_custom_field_2 type_text has_text_color\"><\/div><\/div><\/div>\t\t<\/div>\r\n\t<\/article>\r\n<\/div><div class=\"w-grid-preloader\"><div class=\"g-preloader type_1\">\r\n\t<div><\/div>\r\n<\/div>\r\n<\/div>\t<div class=\"w-grid-json hidden\" onclick='return {&quot;action&quot;:&quot;us_ajax_grid&quot;,&quot;ajax_url&quot;:&quot;https:\\\/\\\/tesoropargo.aytolalaguna.es\\\/wp-admin\\\/admin-ajax.php&quot;,&quot;infinite_scroll&quot;:0,&quot;max_num_pages&quot;:1,&quot;pagination&quot;:&quot;none&quot;,&quot;permalink_url&quot;:&quot;https:\\\/\\\/tesoropargo.aytolalaguna.es\\\/inicio\\\/wp-json\\\/wp\\\/v2\\\/pages\\\/4444&quot;,&quot;template_vars&quot;:{&quot;columns&quot;:&quot;2&quot;,&quot;exclude_items&quot;:&quot;none&quot;,&quot;img_size&quot;:&quot;default&quot;,&quot;ignore_items_size&quot;:false,&quot;items_layout&quot;:&quot;testimonial_6&quot;,&quot;items_offset&quot;:&quot;1&quot;,&quot;load_animation&quot;:&quot;none&quot;,&quot;overriding_link&quot;:&quot;none&quot;,&quot;post_id&quot;:4444,&quot;query_args&quot;:{&quot;post_type&quot;:[&quot;us_testimonial&quot;],&quot;tax_query&quot;:[{&quot;taxonomy&quot;:&quot;us_testimonial_category&quot;,&quot;field&quot;:&quot;slug&quot;,&quot;terms&quot;:[&quot;frances&quot;]}],&quot;post_status&quot;:[&quot;publish&quot;],&quot;posts_per_page&quot;:&quot;2&quot;},&quot;orderby_query_args&quot;:{&quot;orderby&quot;:{&quot;date&quot;:&quot;DESC&quot;}},&quot;type&quot;:&quot;grid&quot;,&quot;us_grid_ajax_index&quot;:1,&quot;us_grid_filter_params&quot;:null,&quot;us_grid_index&quot;:1,&quot;_us_grid_post_type&quot;:&quot;us_testimonial&quot;}}'><\/div>\r\n\t<\/div><div class=\"w-separator size_large\"><\/div><\/div><\/div><\/div><\/div><\/div><\/section><section class=\"l-section wpb_row height_full valign_center color_primary\" id=\"download\"><div class=\"l-section-h i-cf\"><div class=\"g-cols vc_row type_default valign_top\"><div class=\"vc_col-sm-12 wpb_column vc_column_container animate_afb\"><div class=\"vc_column-inner\"><div class=\"wpb_wrapper\"><div class=\"w-image align_center\"><div class=\"w-image-h\"><img width=\"300\" height=\"300\" src=\"https:\/\/tesoropargo.aytolalaguna.es\/wp-content\/uploads\/2021\/07\/Amaro-Pargo_blanco_ojos-300x300.png\" class=\"attachment-medium size-medium\" alt=\"\" srcset=\"https:\/\/tesoropargo.aytolalaguna.es\/wp-content\/uploads\/2021\/07\/Amaro-Pargo_blanco_ojos-300x300.png 300w, https:\/\/tesoropargo.aytolalaguna.es\/wp-content\/uploads\/2021\/07\/Amaro-Pargo_blanco_ojos-150x150.png 150w, https:\/\/tesoropargo.aytolalaguna.es\/wp-content\/uploads\/2021\/07\/Amaro-Pargo_blanco_ojos-200x200.png 200w, https:\/\/tesoropargo.aytolalaguna.es\/wp-content\/uploads\/2021\/07\/Amaro-Pargo_blanco_ojos-400x400.png 400w, https:\/\/tesoropargo.aytolalaguna.es\/wp-content\/uploads\/2021\/07\/Amaro-Pargo_blanco_ojos.png 1000w\" sizes=\"(max-width: 300px) 100vw, 300px\" \/><\/div><\/div><div class=\"w-separator size_small\"><\/div><div class=\"wpb_text_column\" ><div class=\"wpb_wrapper\"><h2 style=\"text-align: center;\">Qu\u2019est-ce que tu attends ?<\/h2>\n<p style=\"text-align: center;\"><span style=\"font-weight: 400;\">\u00a0Que l\u2019aventure commence !<\/span><\/p>\n<\/div><\/div><div class=\"w-separator size_small\"><\/div><div class=\"w-btn-wrapper width_auto align_center\"><a class=\"w-btn us-btn-style_4 us_custom_b4198c51 icon_atleft\" title=\"\u00a1preparando la aventura!\" target=\"_blank\" rel=\"nofollow noopener\" href=\"https:\/\/tesoropargo.aytolalaguna.es\/preparando-la-aventura_fr\/\"><i class=\"fal fa-play\"><\/i><span class=\"w-btn-label\">JOUER<\/span><\/a><\/div><\/div><\/div><\/div><\/div><\/div><\/section>\n","protected":false},"excerpt":{"rendered":"Nous avons pass\u00e9 un tr\u00e8s bon moment et les enfants \u00e9taient ravis. Ils ont beaucoup appris\u2026 Nous avons ador\u00e9 !!","protected":false},"author":2,"featured_media":0,"parent":0,"menu_order":0,"comment_status":"closed","ping_status":"closed","template":"","meta":[],"_links":{"self":[{"href":"https:\/\/tesoropargo.aytolalaguna.es\/inicio\/wp-json\/wp\/v2\/pages\/4444"}],"collection":[{"href":"https:\/\/tesoropargo.aytolalaguna.es\/inicio\/wp-json\/wp\/v2\/pages"}],"about":[{"href":"https:\/\/tesoropargo.aytolalaguna.es\/inicio\/wp-json\/wp\/v2\/types\/page"}],"author":[{"embeddable":true,"href":"https:\/\/tesoropargo.aytolalaguna.es\/inicio\/wp-json\/wp\/v2\/users\/2"}],"replies":[{"embeddable":true,"href":"https:\/\/tesoropargo.aytolalaguna.es\/inicio\/wp-json\/wp\/v2\/comments?post=4444"}],"version-history":[{"count":13,"href":"https:\/\/tesoropargo.aytolalaguna.es\/inicio\/wp-json\/wp\/v2\/pages\/4444\/revisions"}],"predecessor-version":[{"id":5247,"href":"https:\/\/tesoropargo.aytolalaguna.es\/inicio\/wp-json\/wp\/v2\/pages\/4444\/revisions\/5247"}],"wp:attachment":[{"href":"https:\/\/tesoropargo.aytolalaguna.es\/inicio\/wp-json\/wp\/v2\/media?parent=4444"}],"curies":[{"name":"wp","href":"https:\/\/api.w.org\/{rel}","templated":true}]}}