{"id":3601,"date":"2021-06-22T22:42:41","date_gmt":"2021-06-22T22:42:41","guid":{"rendered":"https:\/\/tesoropargo.aytolalaguna.es\/?page_id=3601"},"modified":"2025-05-13T10:29:34","modified_gmt":"2025-05-13T10:29:34","slug":"contenido-adicional","status":"publish","type":"page","link":"https:\/\/tesoropargo.aytolalaguna.es\/inicio\/contenido-adicional\/","title":{"rendered":"Contenido adicional"},"content":{"rendered":"<section class=\"l-section wpb_row height_medium\"><div class=\"l-section-h i-cf\"><div class=\"g-cols vc_row type_default valign_top\"><div class=\"vc_col-sm-12 wpb_column vc_column_container\"><div class=\"vc_column-inner\"><div class=\"wpb_wrapper\"><h2 class=\"w-post-elm post_title us_custom_6745946f align_center entry-title color_link_inherit has_text_color\">Contenido adicional<\/h2><div class=\"wpb_text_column\" ><div class=\"wpb_wrapper\"><p style=\"text-align: center;\">Descubre las <strong>rutas guiadas para familiar\u00a0<\/strong>del tesoro de Amaro Pargo.<\/p>\n<p style=\"text-align: center;\">Descubre otra versi\u00f3n del juego de forma guiada.<\/p>\n<\/div><\/div><div class=\"g-cols wpb_row  type_default valign_top vc_inner\"><div class=\"vc_col-sm-6 wpb_column vc_column_container\"><div class=\"vc_column-inner\"><div class=\"wpb_wrapper\"><div class=\"w-image align_none\"><a href=\"https:\/\/tesoropargo.aytolalaguna.es\/wp-content\/uploads\/2025\/05\/AMARO-PARGO-IG-6.jpg\" ref=\"magnificPopup\" aria-label=\"Enlace\" class=\"w-image-h\"><img width=\"819\" height=\"1024\" src=\"https:\/\/tesoropargo.aytolalaguna.es\/wp-content\/uploads\/2025\/05\/AMARO-PARGO-IG-6-819x1024.jpg\" class=\"attachment-large size-large\" alt=\"\" srcset=\"https:\/\/tesoropargo.aytolalaguna.es\/wp-content\/uploads\/2025\/05\/AMARO-PARGO-IG-6-819x1024.jpg 819w, https:\/\/tesoropargo.aytolalaguna.es\/wp-content\/uploads\/2025\/05\/AMARO-PARGO-IG-6-240x300.jpg 240w, https:\/\/tesoropargo.aytolalaguna.es\/wp-content\/uploads\/2025\/05\/AMARO-PARGO-IG-6-160x200.jpg 160w, https:\/\/tesoropargo.aytolalaguna.es\/wp-content\/uploads\/2025\/05\/AMARO-PARGO-IG-6-320x400.jpg 320w, https:\/\/tesoropargo.aytolalaguna.es\/wp-content\/uploads\/2025\/05\/AMARO-PARGO-IG-6.jpg 1080w\" sizes=\"(max-width: 819px) 100vw, 819px\" \/><\/a><\/div><\/div><\/div><\/div><div class=\"vc_col-sm-6 wpb_column vc_column_container\"><div class=\"vc_column-inner\"><div class=\"wpb_wrapper\"><div class=\"w-image align_none\"><a href=\"https:\/\/tesoropargo.aytolalaguna.es\/wp-content\/uploads\/2025\/05\/AMARO-PARGO-IG-7.jpg\" ref=\"magnificPopup\" aria-label=\"Enlace\" class=\"w-image-h\"><img width=\"819\" height=\"1024\" src=\"https:\/\/tesoropargo.aytolalaguna.es\/wp-content\/uploads\/2025\/05\/AMARO-PARGO-IG-7-819x1024.jpg\" class=\"attachment-large size-large\" alt=\"\" srcset=\"https:\/\/tesoropargo.aytolalaguna.es\/wp-content\/uploads\/2025\/05\/AMARO-PARGO-IG-7-819x1024.jpg 819w, https:\/\/tesoropargo.aytolalaguna.es\/wp-content\/uploads\/2025\/05\/AMARO-PARGO-IG-7-240x300.jpg 240w, https:\/\/tesoropargo.aytolalaguna.es\/wp-content\/uploads\/2025\/05\/AMARO-PARGO-IG-7-160x200.jpg 160w, https:\/\/tesoropargo.aytolalaguna.es\/wp-content\/uploads\/2025\/05\/AMARO-PARGO-IG-7-320x400.jpg 320w, https:\/\/tesoropargo.aytolalaguna.es\/wp-content\/uploads\/2025\/05\/AMARO-PARGO-IG-7.jpg 1080w\" sizes=\"(max-width: 819px) 100vw, 819px\" \/><\/a><\/div><\/div><\/div><\/div><\/div><div class=\"w-separator size_medium\"><\/div><div class=\"wpb_text_column\" ><div class=\"wpb_wrapper\"><p style=\"text-align: center;\">Si quieres m\u00e1s informaci\u00f3n e incripciones pulsa en el siguiente enlace<\/p>\n<\/div><\/div><div class=\"w-separator size_medium\"><\/div><div class=\"w-btn-wrapper width_auto align_center\"><a class=\"w-btn us-btn-style_1\" title=\"m\u00e1s informaci\u00f3n sobre las rutas\" target=\"_blank\" href=\"https:\/\/www.cervantear.org\/el-tesoro-de-amaro-pargo\/\" rel=\"noopener\"><span class=\"w-btn-label\">M\u00e1s informacion.<\/span><\/a><\/div><\/div><\/div><\/div><\/div><\/div><\/section><section class=\"l-section wpb_row height_medium\"><div class=\"l-section-h i-cf\"><div class=\"g-cols vc_row type_default valign_top\"><div class=\"vc_col-sm-12 wpb_column vc_column_container\"><div class=\"vc_column-inner\"><div class=\"wpb_wrapper\"><div class=\"wpb_text_column\" ><div class=\"wpb_wrapper\"><p style=\"text-align: center;\">Descubre contenido adicional para conocer m\u00e1s la ciudad de San Crist\u00f3bal de La Laguna.<\/p>\n<\/div><\/div><div class=\"w-separator size_medium\"><\/div><div class=\"g-cols wpb_row  type_default valign_top vc_inner\"><div class=\"vc_col-sm-4 wpb_column vc_column_container\"><div class=\"vc_column-inner\"><div class=\"wpb_wrapper\"><div class=\"wpb_text_column\" ><div class=\"wpb_wrapper\"><h4 style=\"text-align: center;\">Iglesia de la Concepci\u00f3n<\/h4>\n<\/div><\/div><div class=\"w-image align_center\"><div class=\"w-image-h\"><img width=\"300\" height=\"224\" src=\"https:\/\/tesoropargo.aytolalaguna.es\/wp-content\/uploads\/2021\/06\/La-Concepcion-2-300x224.jpg\" class=\"attachment-medium size-medium\" alt=\"\" srcset=\"https:\/\/tesoropargo.aytolalaguna.es\/wp-content\/uploads\/2021\/06\/La-Concepcion-2-300x224.jpg 300w, https:\/\/tesoropargo.aytolalaguna.es\/wp-content\/uploads\/2021\/06\/La-Concepcion-2-200x149.jpg 200w, https:\/\/tesoropargo.aytolalaguna.es\/wp-content\/uploads\/2021\/06\/La-Concepcion-2-535x400.jpg 535w, https:\/\/tesoropargo.aytolalaguna.es\/wp-content\/uploads\/2021\/06\/La-Concepcion-2.jpg 700w\" sizes=\"(max-width: 300px) 100vw, 300px\" \/><\/div><\/div><div class=\"wpb_text_column\" ><div class=\"wpb_wrapper\"><p style=\"text-align: center;\">V\u00eddeo:<\/p>\n<\/div><\/div>[vc_raw_html]JTNDaWZyYW1lJTIwd2lkdGglM0QlMjI1NjAlMjIlMjBoZWlnaHQlM0QlMjIzMTUlMjIlMjBzcmMlM0QlMjJodHRwcyUzQSUyRiUyRnd3dy55b3V0dWJlLmNvbSUyRmVtYmVkJTJGN1JFOHlSYkV6R3MlM0ZzdGFydCUzRDUzJTIyJTIwdGl0bGUlM0QlMjJZb3VUdWJlJTIwdmlkZW8lMjBwbGF5ZXIlMjIlMjBmcmFtZWJvcmRlciUzRCUyMjAlMjIlMjBhbGxvdyUzRCUyMmFjY2VsZXJvbWV0ZXIlM0IlMjBhdXRvcGxheSUzQiUyMGNsaXBib2FyZC13cml0ZSUzQiUyMGVuY3J5cHRlZC1tZWRpYSUzQiUyMGd5cm9zY29wZSUzQiUyMHBpY3R1cmUtaW4tcGljdHVyZSUyMiUyMGFsbG93ZnVsbHNjcmVlbiUzRSUzQyUyRmlmcmFtZSUzRQ==[\/vc_raw_html]<div class=\"w-separator size_medium with_line width_default thick_1 style_solid color_border align_center\"><div class=\"w-separator-h\"><\/div><\/div><\/div><\/div><\/div><div class=\"vc_col-sm-4 wpb_column vc_column_container\"><div class=\"vc_column-inner\"><div class=\"wpb_wrapper\"><div class=\"wpb_text_column\" ><div class=\"wpb_wrapper\"><h4 style=\"text-align: center;\">Ex-Convento San Agust\u00edn<\/h4>\n<\/div><\/div><div class=\"w-image align_center\"><div class=\"w-image-h\"><img width=\"300\" height=\"224\" src=\"https:\/\/tesoropargo.aytolalaguna.es\/wp-content\/uploads\/2021\/06\/PhotoFunia-1623949545-300x224.jpg\" class=\"attachment-medium size-medium\" alt=\"\" srcset=\"https:\/\/tesoropargo.aytolalaguna.es\/wp-content\/uploads\/2021\/06\/PhotoFunia-1623949545-300x224.jpg 300w, https:\/\/tesoropargo.aytolalaguna.es\/wp-content\/uploads\/2021\/06\/PhotoFunia-1623949545-200x149.jpg 200w, https:\/\/tesoropargo.aytolalaguna.es\/wp-content\/uploads\/2021\/06\/PhotoFunia-1623949545.jpg 700w\" sizes=\"(max-width: 300px) 100vw, 300px\" \/><\/div><\/div><div class=\"wpb_text_column\" ><div class=\"wpb_wrapper\"><p style=\"text-align: center;\">V\u00eddeo:<\/p>\n<\/div><\/div>[vc_raw_html]JTNDaWZyYW1lJTIwd2lkdGglM0QlMjI1NjAlMjIlMjBoZWlnaHQlM0QlMjIzMTUlMjIlMjBzcmMlM0QlMjJodHRwcyUzQSUyRiUyRnd3dy55b3V0dWJlLmNvbSUyRmVtYmVkJTJGVDJsMFExQ2xVR2MlM0ZzdGFydCUzRDU0JTIyJTIwdGl0bGUlM0QlMjJZb3VUdWJlJTIwdmlkZW8lMjBwbGF5ZXIlMjIlMjBmcmFtZWJvcmRlciUzRCUyMjAlMjIlMjBhbGxvdyUzRCUyMmFjY2VsZXJvbWV0ZXIlM0IlMjBhdXRvcGxheSUzQiUyMGNsaXBib2FyZC13cml0ZSUzQiUyMGVuY3J5cHRlZC1tZWRpYSUzQiUyMGd5cm9zY29wZSUzQiUyMHBpY3R1cmUtaW4tcGljdHVyZSUyMiUyMGFsbG93ZnVsbHNjcmVlbiUzRSUzQyUyRmlmcmFtZSUzRQ==[\/vc_raw_html]<div class=\"w-separator size_medium with_line width_default thick_1 style_solid color_border align_center\"><div class=\"w-separator-h\"><\/div><\/div><\/div><\/div><\/div><div class=\"vc_col-sm-4 wpb_column vc_column_container\"><div class=\"vc_column-inner\"><div class=\"wpb_wrapper\"><div class=\"wpb_text_column\" ><div class=\"wpb_wrapper\"><h4 style=\"text-align: center;\">Catedral de La Laguna<\/h4>\n<\/div><\/div><div class=\"w-image align_center\"><div class=\"w-image-h\"><img width=\"300\" height=\"224\" src=\"https:\/\/tesoropargo.aytolalaguna.es\/wp-content\/uploads\/2021\/06\/Catedral-de-La-Laguna-1-300x224.jpg\" class=\"attachment-medium size-medium\" alt=\"\" srcset=\"https:\/\/tesoropargo.aytolalaguna.es\/wp-content\/uploads\/2021\/06\/Catedral-de-La-Laguna-1-300x224.jpg 300w, https:\/\/tesoropargo.aytolalaguna.es\/wp-content\/uploads\/2021\/06\/Catedral-de-La-Laguna-1-200x149.jpg 200w, https:\/\/tesoropargo.aytolalaguna.es\/wp-content\/uploads\/2021\/06\/Catedral-de-La-Laguna-1-535x400.jpg 535w, https:\/\/tesoropargo.aytolalaguna.es\/wp-content\/uploads\/2021\/06\/Catedral-de-La-Laguna-1.jpg 700w\" sizes=\"(max-width: 300px) 100vw, 300px\" \/><\/div><\/div><div class=\"wpb_text_column\" ><div class=\"wpb_wrapper\"><p style=\"text-align: center;\">V\u00eddeo:<\/p>\n<\/div><\/div>[vc_raw_html]JTNDaWZyYW1lJTIwd2lkdGglM0QlMjI1NjAlMjIlMjBoZWlnaHQlM0QlMjIzMTUlMjIlMjBzcmMlM0QlMjJodHRwcyUzQSUyRiUyRnd3dy55b3V0dWJlLmNvbSUyRmVtYmVkJTJGaDVnVFZHWV9WLVUlM0ZzdGFydCUzRDUzJTIyJTIwdGl0bGUlM0QlMjJZb3VUdWJlJTIwdmlkZW8lMjBwbGF5ZXIlMjIlMjBmcmFtZWJvcmRlciUzRCUyMjAlMjIlMjBhbGxvdyUzRCUyMmFjY2VsZXJvbWV0ZXIlM0IlMjBhdXRvcGxheSUzQiUyMGNsaXBib2FyZC13cml0ZSUzQiUyMGVuY3J5cHRlZC1tZWRpYSUzQiUyMGd5cm9zY29wZSUzQiUyMHBpY3R1cmUtaW4tcGljdHVyZSUyMiUyMGFsbG93ZnVsbHNjcmVlbiUzRSUzQyUyRmlmcmFtZSUzRQ==[\/vc_raw_html]<div class=\"w-separator size_medium with_line width_default thick_1 style_solid color_border align_center\"><div class=\"w-separator-h\"><\/div><\/div><\/div><\/div><\/div><\/div><div class=\"g-cols wpb_row  type_default valign_top vc_inner\"><div class=\"vc_col-sm-4 wpb_column vc_column_container\"><div class=\"vc_column-inner\"><div class=\"wpb_wrapper\"><div class=\"wpb_text_column\" ><div class=\"wpb_wrapper\"><h4 style=\"text-align: center;\">Palacio Salazar<\/h4>\n<\/div><\/div><div class=\"w-image align_center\"><div class=\"w-image-h\"><img width=\"300\" height=\"224\" src=\"https:\/\/tesoropargo.aytolalaguna.es\/wp-content\/uploads\/2021\/06\/Obispado-dibujo-300x224.jpg\" class=\"attachment-medium size-medium\" alt=\"\" srcset=\"https:\/\/tesoropargo.aytolalaguna.es\/wp-content\/uploads\/2021\/06\/Obispado-dibujo-300x224.jpg 300w, https:\/\/tesoropargo.aytolalaguna.es\/wp-content\/uploads\/2021\/06\/Obispado-dibujo-200x149.jpg 200w, https:\/\/tesoropargo.aytolalaguna.es\/wp-content\/uploads\/2021\/06\/Obispado-dibujo-535x400.jpg 535w, https:\/\/tesoropargo.aytolalaguna.es\/wp-content\/uploads\/2021\/06\/Obispado-dibujo.jpg 700w\" sizes=\"(max-width: 300px) 100vw, 300px\" \/><\/div><\/div><div class=\"wpb_text_column\" ><div class=\"wpb_wrapper\"><p style=\"text-align: center;\">V\u00eddeo:<\/p>\n<\/div><\/div>[vc_raw_html]JTNDaWZyYW1lJTIwd2lkdGglM0QlMjI1NjAlMjIlMjBoZWlnaHQlM0QlMjIzMTUlMjIlMjBzcmMlM0QlMjJodHRwcyUzQSUyRiUyRnd3dy55b3V0dWJlLmNvbSUyRmVtYmVkJTJGLURpcGR4WldWbmclM0ZzdGFydCUzRDUzJTIyJTIwdGl0bGUlM0QlMjJZb3VUdWJlJTIwdmlkZW8lMjBwbGF5ZXIlMjIlMjBmcmFtZWJvcmRlciUzRCUyMjAlMjIlMjBhbGxvdyUzRCUyMmFjY2VsZXJvbWV0ZXIlM0IlMjBhdXRvcGxheSUzQiUyMGNsaXBib2FyZC13cml0ZSUzQiUyMGVuY3J5cHRlZC1tZWRpYSUzQiUyMGd5cm9zY29wZSUzQiUyMHBpY3R1cmUtaW4tcGljdHVyZSUyMiUyMGFsbG93ZnVsbHNjcmVlbiUzRSUzQyUyRmlmcmFtZSUzRQ==[\/vc_raw_html]<div class=\"w-separator size_medium with_line width_default thick_1 style_solid color_border align_center\"><div class=\"w-separator-h\"><\/div><\/div><\/div><\/div><\/div><div class=\"vc_col-sm-4 wpb_column vc_column_container\"><div class=\"vc_column-inner\"><div class=\"wpb_wrapper\"><div class=\"wpb_text_column\" ><div class=\"wpb_wrapper\"><h4 style=\"text-align: center;\">Casa Lercaro<\/h4>\n<\/div><\/div><div class=\"w-image align_center\"><div class=\"w-image-h\"><img width=\"300\" height=\"224\" src=\"https:\/\/tesoropargo.aytolalaguna.es\/wp-content\/uploads\/2021\/06\/Casa-Lercaro-300x224.jpg\" class=\"attachment-medium size-medium\" alt=\"\" srcset=\"https:\/\/tesoropargo.aytolalaguna.es\/wp-content\/uploads\/2021\/06\/Casa-Lercaro-300x224.jpg 300w, https:\/\/tesoropargo.aytolalaguna.es\/wp-content\/uploads\/2021\/06\/Casa-Lercaro-200x149.jpg 200w, https:\/\/tesoropargo.aytolalaguna.es\/wp-content\/uploads\/2021\/06\/Casa-Lercaro-535x400.jpg 535w, https:\/\/tesoropargo.aytolalaguna.es\/wp-content\/uploads\/2021\/06\/Casa-Lercaro.jpg 700w\" sizes=\"(max-width: 300px) 100vw, 300px\" \/><\/div><\/div><div class=\"wpb_text_column\" ><div class=\"wpb_wrapper\"><p style=\"text-align: center;\">V\u00eddeo:<\/p>\n<\/div><\/div>[vc_raw_html]JTNDaWZyYW1lJTIwd2lkdGglM0QlMjI1NjAlMjIlMjBoZWlnaHQlM0QlMjIzMTUlMjIlMjBzcmMlM0QlMjJodHRwcyUzQSUyRiUyRnd3dy55b3V0dWJlLmNvbSUyRmVtYmVkJTJGRlZWaXFBUWZ1Tk0lM0ZzdGFydCUzRDUzJTIyJTIwdGl0bGUlM0QlMjJZb3VUdWJlJTIwdmlkZW8lMjBwbGF5ZXIlMjIlMjBmcmFtZWJvcmRlciUzRCUyMjAlMjIlMjBhbGxvdyUzRCUyMmFjY2VsZXJvbWV0ZXIlM0IlMjBhdXRvcGxheSUzQiUyMGNsaXBib2FyZC13cml0ZSUzQiUyMGVuY3J5cHRlZC1tZWRpYSUzQiUyMGd5cm9zY29wZSUzQiUyMHBpY3R1cmUtaW4tcGljdHVyZSUyMiUyMGFsbG93ZnVsbHNjcmVlbiUzRSUzQyUyRmlmcmFtZSUzRQ==[\/vc_raw_html]<div class=\"w-separator size_medium with_line width_default thick_1 style_solid color_border align_center\"><div class=\"w-separator-h\"><\/div><\/div><\/div><\/div><\/div><div class=\"vc_col-sm-4 wpb_column vc_column_container\"><div class=\"vc_column-inner\"><div class=\"wpb_wrapper\"><div class=\"wpb_text_column\" ><div class=\"wpb_wrapper\"><h4 style=\"text-align: center;\">Capitanes Generales<\/h4>\n<\/div><\/div><div class=\"w-image align_center\"><div class=\"w-image-h\"><img width=\"300\" height=\"224\" src=\"https:\/\/tesoropargo.aytolalaguna.es\/wp-content\/uploads\/2021\/06\/Dibujo-capitanes-generales-300x224.jpg\" class=\"attachment-medium size-medium\" alt=\"\" srcset=\"https:\/\/tesoropargo.aytolalaguna.es\/wp-content\/uploads\/2021\/06\/Dibujo-capitanes-generales-300x224.jpg 300w, https:\/\/tesoropargo.aytolalaguna.es\/wp-content\/uploads\/2021\/06\/Dibujo-capitanes-generales-200x149.jpg 200w, https:\/\/tesoropargo.aytolalaguna.es\/wp-content\/uploads\/2021\/06\/Dibujo-capitanes-generales-535x400.jpg 535w, https:\/\/tesoropargo.aytolalaguna.es\/wp-content\/uploads\/2021\/06\/Dibujo-capitanes-generales.jpg 700w\" sizes=\"(max-width: 300px) 100vw, 300px\" \/><\/div><\/div><div class=\"wpb_text_column\" ><div class=\"wpb_wrapper\"><p style=\"text-align: center;\">V\u00eddeo:<\/p>\n<\/div><\/div>[vc_raw_html]JTNDaWZyYW1lJTIwd2lkdGglM0QlMjI1NjAlMjIlMjBoZWlnaHQlM0QlMjIzMTUlMjIlMjBzcmMlM0QlMjJodHRwcyUzQSUyRiUyRnd3dy55b3V0dWJlLmNvbSUyRmVtYmVkJTJGa2F6Y3VVREJhN28lMjIlMjB0aXRsZSUzRCUyMllvdVR1YmUlMjB2aWRlbyUyMHBsYXllciUyMiUyMGZyYW1lYm9yZGVyJTNEJTIyMCUyMiUyMGFsbG93JTNEJTIyYWNjZWxlcm9tZXRlciUzQiUyMGF1dG9wbGF5JTNCJTIwY2xpcGJvYXJkLXdyaXRlJTNCJTIwZW5jcnlwdGVkLW1lZGlhJTNCJTIwZ3lyb3Njb3BlJTNCJTIwcGljdHVyZS1pbi1waWN0dXJlJTIyJTIwYWxsb3dmdWxsc2NyZWVuJTNFJTNDJTJGaWZyYW1lJTNF[\/vc_raw_html]<div class=\"w-separator size_medium with_line width_default thick_1 style_solid color_border align_center\"><div class=\"w-separator-h\"><\/div><\/div><\/div><\/div><\/div><\/div><div class=\"g-cols wpb_row  type_default valign_top vc_inner\"><div class=\"vc_col-sm-4 wpb_column vc_column_container\"><div class=\"vc_column-inner\"><div class=\"wpb_wrapper\"><div class=\"wpb_text_column\" ><div class=\"wpb_wrapper\"><h4 style=\"text-align: center;\">Convento de Santa Catalina<\/h4>\n<\/div><\/div><div class=\"w-image align_center\"><div class=\"w-image-h\"><img width=\"300\" height=\"224\" src=\"https:\/\/tesoropargo.aytolalaguna.es\/wp-content\/uploads\/2021\/06\/Convento-San-Catalina-300x224.jpg\" class=\"attachment-medium size-medium\" alt=\"\" srcset=\"https:\/\/tesoropargo.aytolalaguna.es\/wp-content\/uploads\/2021\/06\/Convento-San-Catalina-300x224.jpg 300w, https:\/\/tesoropargo.aytolalaguna.es\/wp-content\/uploads\/2021\/06\/Convento-San-Catalina-200x149.jpg 200w, https:\/\/tesoropargo.aytolalaguna.es\/wp-content\/uploads\/2021\/06\/Convento-San-Catalina-535x400.jpg 535w, https:\/\/tesoropargo.aytolalaguna.es\/wp-content\/uploads\/2021\/06\/Convento-San-Catalina.jpg 700w\" sizes=\"(max-width: 300px) 100vw, 300px\" \/><\/div><\/div><div class=\"wpb_text_column\" ><div class=\"wpb_wrapper\"><p style=\"text-align: center;\">V\u00eddeo:<\/p>\n<\/div><\/div>[vc_raw_html]JTNDaWZyYW1lJTIwd2lkdGglM0QlMjI1NjAlMjIlMjBoZWlnaHQlM0QlMjIzMTUlMjIlMjBzcmMlM0QlMjJodHRwcyUzQSUyRiUyRnd3dy55b3V0dWJlLmNvbSUyRmVtYmVkJTJGem1aTjFKTUJDYVElM0ZzdGFydCUzRDUzJTIyJTIwdGl0bGUlM0QlMjJZb3VUdWJlJTIwdmlkZW8lMjBwbGF5ZXIlMjIlMjBmcmFtZWJvcmRlciUzRCUyMjAlMjIlMjBhbGxvdyUzRCUyMmFjY2VsZXJvbWV0ZXIlM0IlMjBhdXRvcGxheSUzQiUyMGNsaXBib2FyZC13cml0ZSUzQiUyMGVuY3J5cHRlZC1tZWRpYSUzQiUyMGd5cm9zY29wZSUzQiUyMHBpY3R1cmUtaW4tcGljdHVyZSUyMiUyMGFsbG93ZnVsbHNjcmVlbiUzRSUzQyUyRmlmcmFtZSUzRQ==[\/vc_raw_html]<div class=\"w-separator size_medium with_line width_default thick_1 style_solid color_border align_center\"><div class=\"w-separator-h\"><\/div><\/div><\/div><\/div><\/div><div class=\"vc_col-sm-4 wpb_column vc_column_container\"><div class=\"vc_column-inner\"><div class=\"wpb_wrapper\"><div class=\"wpb_text_column\" ><div class=\"wpb_wrapper\"><h4 style=\"text-align: center;\">Iglesia de Santo Domingo de Guzm\u00e1n<\/h4>\n<\/div><\/div><div class=\"w-image align_center\"><div class=\"w-image-h\"><img width=\"300\" height=\"224\" src=\"https:\/\/tesoropargo.aytolalaguna.es\/wp-content\/uploads\/2021\/06\/Iglesia-de-Santo-Domingo-de-Guzman-300x224.jpg\" class=\"attachment-medium size-medium\" alt=\"\" srcset=\"https:\/\/tesoropargo.aytolalaguna.es\/wp-content\/uploads\/2021\/06\/Iglesia-de-Santo-Domingo-de-Guzman-300x224.jpg 300w, https:\/\/tesoropargo.aytolalaguna.es\/wp-content\/uploads\/2021\/06\/Iglesia-de-Santo-Domingo-de-Guzman-200x149.jpg 200w, https:\/\/tesoropargo.aytolalaguna.es\/wp-content\/uploads\/2021\/06\/Iglesia-de-Santo-Domingo-de-Guzman-535x400.jpg 535w, https:\/\/tesoropargo.aytolalaguna.es\/wp-content\/uploads\/2021\/06\/Iglesia-de-Santo-Domingo-de-Guzman.jpg 700w\" sizes=\"(max-width: 300px) 100vw, 300px\" \/><\/div><\/div><div class=\"wpb_text_column\" ><div class=\"wpb_wrapper\"><p style=\"text-align: center;\">V\u00eddeo:<\/p>\n<\/div><\/div>[vc_raw_html]JTNDaWZyYW1lJTIwd2lkdGglM0QlMjI1NjAlMjIlMjBoZWlnaHQlM0QlMjIzMTUlMjIlMjBzcmMlM0QlMjJodHRwcyUzQSUyRiUyRnd3dy55b3V0dWJlLmNvbSUyRmVtYmVkJTJGRXc0WElNb1FsenMlM0ZzdGFydCUzRDUzJTIyJTIwdGl0bGUlM0QlMjJZb3VUdWJlJTIwdmlkZW8lMjBwbGF5ZXIlMjIlMjBmcmFtZWJvcmRlciUzRCUyMjAlMjIlMjBhbGxvdyUzRCUyMmFjY2VsZXJvbWV0ZXIlM0IlMjBhdXRvcGxheSUzQiUyMGNsaXBib2FyZC13cml0ZSUzQiUyMGVuY3J5cHRlZC1tZWRpYSUzQiUyMGd5cm9zY29wZSUzQiUyMHBpY3R1cmUtaW4tcGljdHVyZSUyMiUyMGFsbG93ZnVsbHNjcmVlbiUzRSUzQyUyRmlmcmFtZSUzRQ==[\/vc_raw_html]<div class=\"w-separator size_medium with_line width_default thick_1 style_solid color_border align_center\"><div class=\"w-separator-h\"><\/div><\/div><\/div><\/div><\/div><div class=\"vc_col-sm-4 wpb_column vc_column_container\"><div class=\"vc_column-inner\"><div class=\"wpb_wrapper\"><div class=\"wpb_text_column\" ><div class=\"wpb_wrapper\"><h4 style=\"text-align: center;\">\u00a0Casco Hist\u00f3rico de La Laguna:<\/h4>\n<\/div><\/div><div class=\"w-image align_center\"><div class=\"w-image-h\"><img width=\"300\" height=\"224\" src=\"https:\/\/tesoropargo.aytolalaguna.es\/wp-content\/uploads\/2021\/06\/PhotoFunia-1624270324-300x224.jpg\" class=\"attachment-medium size-medium\" alt=\"\" srcset=\"https:\/\/tesoropargo.aytolalaguna.es\/wp-content\/uploads\/2021\/06\/PhotoFunia-1624270324-300x224.jpg 300w, https:\/\/tesoropargo.aytolalaguna.es\/wp-content\/uploads\/2021\/06\/PhotoFunia-1624270324-200x149.jpg 200w, https:\/\/tesoropargo.aytolalaguna.es\/wp-content\/uploads\/2021\/06\/PhotoFunia-1624270324-535x400.jpg 535w, https:\/\/tesoropargo.aytolalaguna.es\/wp-content\/uploads\/2021\/06\/PhotoFunia-1624270324.jpg 700w\" sizes=\"(max-width: 300px) 100vw, 300px\" \/><\/div><\/div><div class=\"wpb_text_column\" ><div class=\"wpb_wrapper\"><p style=\"text-align: center;\">V\u00eddeo:<\/p>\n<\/div><\/div>[vc_raw_html]JTNDaWZyYW1lJTIwd2lkdGglM0QlMjI1NjAlMjIlMjBoZWlnaHQlM0QlMjIzMTUlMjIlMjBzcmMlM0QlMjJodHRwcyUzQSUyRiUyRnd3dy55b3V0dWJlLmNvbSUyRmVtYmVkJTJGRk51aEFueEo0WHclM0ZzdGFydCUzRDUzJTIyJTIwdGl0bGUlM0QlMjJZb3VUdWJlJTIwdmlkZW8lMjBwbGF5ZXIlMjIlMjBmcmFtZWJvcmRlciUzRCUyMjAlMjIlMjBhbGxvdyUzRCUyMmFjY2VsZXJvbWV0ZXIlM0IlMjBhdXRvcGxheSUzQiUyMGNsaXBib2FyZC13cml0ZSUzQiUyMGVuY3J5cHRlZC1tZWRpYSUzQiUyMGd5cm9zY29wZSUzQiUyMHBpY3R1cmUtaW4tcGljdHVyZSUyMiUyMGFsbG93ZnVsbHNjcmVlbiUzRSUzQyUyRmlmcmFtZSUzRQ==[\/vc_raw_html]<div class=\"w-separator size_medium with_line width_default thick_1 style_solid color_border align_center\"><div class=\"w-separator-h\"><\/div><\/div><\/div><\/div><\/div><\/div><\/div><\/div><\/div><\/div><\/div><\/section><section class=\"l-section wpb_row height_full valign_top with_img with_shape\"><div class=\"l-section-img\" style=\"background-image: url(https:\/\/tesoropargo.aytolalaguna.es\/wp-content\/uploads\/2021\/06\/FONDO-PARA-ACERTIJO-2_calavera-arriba.jpg);background-position: top center;background-repeat: no-repeat;\" data-img-width=\"1055\" data-img-height=\"1500\"><\/div><div class=\"l-section-shape type_custom pos_top\" style=\"color:var(--color-content-bg);\"><svg xmlns=\"http:\/\/www.w3.org\/2000\/svg\" viewBox=\"0 0 1000 100\" preserveAspectRatio=\"none\" width=\"100%\" height=\"100%\" fill=\"currentColor\">\r\n<\/svg><\/div><div class=\"l-section-h i-cf\"><div class=\"g-cols vc_row type_default valign_top\"><div class=\"vc_col-sm-12 wpb_column vc_column_container\"><div class=\"vc_column-inner\"><div class=\"wpb_wrapper\"><div class=\"w-separator size_custom\" style=\"height:120px\"><\/div><div class=\"wpb_text_column\" ><div class=\"wpb_wrapper\"><h2 style=\"text-align: center;\">M\u00e1s informaci\u00f3n sobre Amaro Pargo<\/h2>\n<\/div><\/div><div class=\"w-separator size_medium\"><\/div><div class=\"wpb_text_column\" ><div class=\"wpb_wrapper\"><p style=\"text-align: center;\">\u00bfQuieres conocer m\u00e1s sobre la vida del corsario?<\/p>\n<p style=\"text-align: center;\">No te pierdas este v\u00eddeo de la compa\u00f1\u00eda americana de videojuegos Ubisoft.<\/p>\n<\/div><\/div><div class=\"w-video align_center ratio_16x9 with_overlay\" style=\"background-image:url(https:\/\/tesoropargo.aytolalaguna.es\/wp-content\/uploads\/2021\/06\/WhatsApp-Image-2021-06-10-at-01.00.37-e1624909228492.jpeg);\"><div class=\"w-video-h\"><script type=\"us-template\/html\"><iframe src=\"\/\/www.youtube.com\/embed\/Wra7ooiJBV8?autoplay=1&controls=1&origin=https%3A%2F%2Ftesoropargo.aytolalaguna.es&playlist=Wra7ooiJBV8\" allowfullscreen=\"1\"><\/iframe><\/script><\/div><div class=\"w-video-icon\" style=\"font-size:1.5rem;background:rgba(0,0,0,0.5);color:#fff;\"><\/div><\/div><div class=\"wpb_text_column\" ><div class=\"wpb_wrapper\"><p style=\"text-align: center;\">Descubre m\u00e1s de la ciudad y el municipio en la p\u00e1gina <a href=\"https:\/\/turismo.aytolalaguna.es\/\">Oficial de Turismo de La Laguna\u00a0<\/a><\/p>\n<\/div><\/div><\/div><\/div><\/div><\/div><\/div><\/section>\n","protected":false},"excerpt":{"rendered":"Contenido adicionalDescubre las rutas guiadas para familiar\u00a0del tesoro de Amaro Pargo. Descubre otra versi\u00f3n del juego de forma guiada. Si quieres m\u00e1s informaci\u00f3n e incripciones pulsa en el siguiente enlace M\u00e1s informacion.Descubre contenido adicional para conocer m\u00e1s la ciudad de San Crist\u00f3bal de La Laguna. Iglesia de la Concepci\u00f3n V\u00eddeo: [vc_raw_html]JTNDaWZyYW1lJTIwd2lkdGglM0QlMjI1NjAlMjIlMjBoZWlnaHQlM0QlMjIzMTUlMjIlMjBzcmMlM0QlMjJodHRwcyUzQSUyRiUyRnd3dy55b3V0dWJlLmNvbSUyRmVtYmVkJTJGN1JFOHlSYkV6R3MlM0ZzdGFydCUzRDUzJTIyJTIwdGl0bGUlM0QlMjJZb3VUdWJlJTIwdmlkZW8lMjBwbGF5ZXIlMjIlMjBmcmFtZWJvcmRlciUzRCUyMjAlMjIlMjBhbGxvdyUzRCUyMmFjY2VsZXJvbWV0ZXIlM0IlMjBhdXRvcGxheSUzQiUyMGNsaXBib2FyZC13cml0ZSUzQiUyMGVuY3J5cHRlZC1tZWRpYSUzQiUyMGd5cm9zY29wZSUzQiUyMHBpY3R1cmUtaW4tcGljdHVyZSUyMiUyMGFsbG93ZnVsbHNjcmVlbiUzRSUzQyUyRmlmcmFtZSUzRQ==[\/vc_raw_html]Ex-Convento San Agust\u00edn V\u00eddeo: [vc_raw_html]JTNDaWZyYW1lJTIwd2lkdGglM0QlMjI1NjAlMjIlMjBoZWlnaHQlM0QlMjIzMTUlMjIlMjBzcmMlM0QlMjJodHRwcyUzQSUyRiUyRnd3dy55b3V0dWJlLmNvbSUyRmVtYmVkJTJGVDJsMFExQ2xVR2MlM0ZzdGFydCUzRDU0JTIyJTIwdGl0bGUlM0QlMjJZb3VUdWJlJTIwdmlkZW8lMjBwbGF5ZXIlMjIlMjBmcmFtZWJvcmRlciUzRCUyMjAlMjIlMjBhbGxvdyUzRCUyMmFjY2VsZXJvbWV0ZXIlM0IlMjBhdXRvcGxheSUzQiUyMGNsaXBib2FyZC13cml0ZSUzQiUyMGVuY3J5cHRlZC1tZWRpYSUzQiUyMGd5cm9zY29wZSUzQiUyMHBpY3R1cmUtaW4tcGljdHVyZSUyMiUyMGFsbG93ZnVsbHNjcmVlbiUzRSUzQyUyRmlmcmFtZSUzRQ==[\/vc_raw_html]Catedral...","protected":false},"author":1,"featured_media":0,"parent":0,"menu_order":0,"comment_status":"closed","ping_status":"closed","template":"","meta":[],"_links":{"self":[{"href":"https:\/\/tesoropargo.aytolalaguna.es\/inicio\/wp-json\/wp\/v2\/pages\/3601"}],"collection":[{"href":"https:\/\/tesoropargo.aytolalaguna.es\/inicio\/wp-json\/wp\/v2\/pages"}],"about":[{"href":"https:\/\/tesoropargo.aytolalaguna.es\/inicio\/wp-json\/wp\/v2\/types\/page"}],"author":[{"embeddable":true,"href":"https:\/\/tesoropargo.aytolalaguna.es\/inicio\/wp-json\/wp\/v2\/users\/1"}],"replies":[{"embeddable":true,"href":"https:\/\/tesoropargo.aytolalaguna.es\/inicio\/wp-json\/wp\/v2\/comments?post=3601"}],"version-history":[{"count":57,"href":"https:\/\/tesoropargo.aytolalaguna.es\/inicio\/wp-json\/wp\/v2\/pages\/3601\/revisions"}],"predecessor-version":[{"id":5253,"href":"https:\/\/tesoropargo.aytolalaguna.es\/inicio\/wp-json\/wp\/v2\/pages\/3601\/revisions\/5253"}],"wp:attachment":[{"href":"https:\/\/tesoropargo.aytolalaguna.es\/inicio\/wp-json\/wp\/v2\/media?parent=3601"}],"curies":[{"name":"wp","href":"https:\/\/api.w.org\/{rel}","templated":true}]}}