{"id":360,"date":"2016-08-17T12:22:17","date_gmt":"2016-08-17T12:22:17","guid":{"rendered":"http:\/\/impreza8.us-themes.com\/?page_id=360"},"modified":"2025-05-08T07:07:13","modified_gmt":"2025-05-08T07:07:13","slug":"variant-1","status":"publish","type":"page","link":"https:\/\/tesoropargo.aytolalaguna.es\/inicio\/","title":{"rendered":"Inicio"},"content":{"rendered":"<section class=\"l-section wpb_row height_full valign_top width_full with_img with_video with_youtube with_shape\"><div class=\"l-section-img\" style=\"background-image: url(https:\/\/tesoropargo.aytolalaguna.es\/wp-content\/uploads\/2021\/06\/Portada-Juego_movil.jpg);\" data-img-width=\"1448\" data-img-height=\"1461\"><\/div><div class=\"l-section-video\" data-video-disable-width=\"800\"><iframe src=\"\/\/www.youtube.com\/embed\/-2c_3by-prQ?autoplay=1&loop=1&playlist=-2c_3by-prQ&controls=0&mute=1&iv_load_policy=3&disablekb=1&wmode=transparent\" allowfullscreen=\"1\"><\/iframe><\/div><div class=\"l-section-shape type_custom pos_bottom\" style=\"color:var(--color-content-bg);\"><svg xmlns=\"http:\/\/www.w3.org\/2000\/svg\" viewBox=\"0 0 1000 100\" preserveAspectRatio=\"none\" width=\"100%\" height=\"100%\" fill=\"currentColor\">\r\n<\/svg><\/div><div class=\"l-section-h i-cf\"><div class=\"g-cols vc_row type_default valign_top\"><div class=\"vc_col-sm-12 wpb_column vc_column_container\"><div class=\"vc_column-inner\"><div class=\"wpb_wrapper\"><div class=\"wpb_text_column us_custom_ac6ded5f has_text_color\" ><div class=\"wpb_wrapper\"><p style=\"text-align: center;\"><strong>\u00bfEst\u00e1s preparado\/a para descubrir el mayor tesoro de Canarias?<\/strong><\/p>\n<\/div><\/div><\/div><\/div><\/div><\/div><\/div><\/section><section class=\"l-section wpb_row height_auto\" id=\"jugar\"><div class=\"l-section-h i-cf\"><div class=\"g-cols vc_row type_default valign_middle\"><div class=\"vc_col-sm-6 wpb_column vc_column_container align_center_xs\"><div class=\"vc_column-inner\"><div class=\"wpb_wrapper\"><div class=\"w-separator size_medium\"><\/div><div class=\"wpb_text_column\" ><div class=\"wpb_wrapper\"><h1>El Tesoro de Amaro Pargo<\/h1>\n<p>Un juego para descubrir el tesoro oculto en la Ciudad de San Crist\u00f3bal de La Laguna<\/p>\n<\/div><\/div><div class=\"w-separator size_small\"><\/div><div class=\"w-btn-wrapper width_auto align_center\"><a class=\"w-btn us-btn-style_1\" title=\"\u00a1preparando la aventura!\" href=\"https:\/\/tesoropargo.aytolalaguna.es\/preparando-la-aventura\/\"><span class=\"w-btn-label\">JUGAR<\/span><\/a><\/div><div class=\"w-separator size_small\"><\/div><div class=\"w-btn-wrapper width_auto align_center\"><a class=\"w-btn us-btn-style_6\" href=\"#instrucciones\"><span class=\"w-btn-label\">Instrucciones<\/span><\/a><\/div><div class=\"w-separator size_huge\"><\/div><\/div><\/div><\/div><div class=\"vc_col-sm-6 wpb_column vc_column_container\"><div class=\"vc_column-inner\"><div class=\"wpb_wrapper\"><div class=\"w-video align_left ratio_4x3 with_overlay\" style=\"background-image:url(https:\/\/tesoropargo.aytolalaguna.es\/wp-content\/uploads\/2021\/06\/Amaro_Pargo.jpg);\"><div class=\"w-video-h\"><script type=\"us-template\/html\"><iframe src=\"\/\/www.youtube.com\/embed\/8nCO8EwQ8Zw?autoplay=1&controls=1&origin=https%3A%2F%2Ftesoropargo.aytolalaguna.es&playlist=8nCO8EwQ8Zw\" allowfullscreen=\"1\"><\/iframe><\/script><\/div><div class=\"w-video-icon\" style=\"font-size:1.5rem;background:rgba(0,0,0,0.5);color:#fff;\"><\/div><\/div><\/div><\/div><\/div><\/div><\/div><\/section><section class=\"l-section wpb_row height_medium\"><div class=\"l-section-h i-cf\"><div class=\"g-cols vc_row type_default valign_top\"><div class=\"vc_col-sm-12 wpb_column vc_column_container\"><div class=\"vc_column-inner\"><div class=\"wpb_wrapper\"><div class=\"w-hwrapper align_center valign_middle\"><div class=\"w-image align_none\"><div class=\"w-image-h\"><img width=\"800\" height=\"300\" src=\"https:\/\/tesoropargo.aytolalaguna.es\/wp-content\/uploads\/2025\/05\/Diseno-sin-titulo.jpg\" class=\"attachment-full size-full\" alt=\"\" srcset=\"https:\/\/tesoropargo.aytolalaguna.es\/wp-content\/uploads\/2025\/05\/Diseno-sin-titulo.jpg 800w, https:\/\/tesoropargo.aytolalaguna.es\/wp-content\/uploads\/2025\/05\/Diseno-sin-titulo-300x113.jpg 300w, https:\/\/tesoropargo.aytolalaguna.es\/wp-content\/uploads\/2025\/05\/Diseno-sin-titulo-200x75.jpg 200w, https:\/\/tesoropargo.aytolalaguna.es\/wp-content\/uploads\/2025\/05\/Diseno-sin-titulo-600x225.jpg 600w\" sizes=\"(max-width: 800px) 100vw, 800px\" \/><\/div><\/div><\/div><\/div><\/div><\/div><\/div><\/div><\/section><section class=\"l-section wpb_row height_full valign_center with_img\" id=\"instrucciones\"><div class=\"l-section-img\" style=\"background-image: url(https:\/\/tesoropargo.aytolalaguna.es\/wp-content\/uploads\/2021\/06\/FONDO-PARA-ACERTIJO-2_barco.jpg);\" data-img-width=\"1055\" data-img-height=\"1500\"><\/div><div class=\"l-section-h i-cf\"><div class=\"g-cols vc_row type_default valign_top\"><div class=\"vc_col-sm-12 wpb_column vc_column_container animate_afb\"><div class=\"vc_column-inner\"><div class=\"wpb_wrapper\"><div class=\"w-separator size_large\"><\/div><div class=\"wpb_text_column\" ><div class=\"wpb_wrapper\"><h2 style=\"text-align: center;\">Instrucciones:<\/h2>\n<p style=\"text-align: center;\">Jugar a este juego es especialmente f\u00e1cil.<\/p>\n<\/div><\/div><div class=\"w-separator size_medium\"><\/div><div class=\"g-cols wpb_row  type_default valign_middle vc_inner\"><div class=\"vc_col-sm-4 wpb_column vc_column_container\"><div class=\"vc_column-inner\"><div class=\"wpb_wrapper\"><div class=\"w-iconbox iconpos_top style_default color_secondary align_center\"><div class=\"w-iconbox-icon\" style=\"font-size:3rem;\"><i class=\"fal fa-users\"><\/i><\/div><div class=\"w-iconbox-meta\"><h5 class=\"w-iconbox-title\">Juega con amigos<\/h5><div class=\"w-iconbox-text\"><p>Juega con amigos y familiares de forma presencial y 100% gratuita, sin publicidad y sin ning\u00fan tipo de registro. Un juego para todos los p\u00fablicos.<\/p>\n<\/div><\/div><\/div><\/div><\/div><\/div><div class=\"vc_col-sm-4 wpb_column vc_column_container\"><div class=\"vc_column-inner\"><div class=\"wpb_wrapper\"><div class=\"w-iconbox iconpos_top style_default color_secondary align_center\"><div class=\"w-iconbox-icon\" style=\"font-size:3rem;\"><i class=\"fal fa-gem\"><\/i><\/div><div class=\"w-iconbox-meta\"><h5 class=\"w-iconbox-title\">Encuentra el tesoro<\/h5><div class=\"w-iconbox-text\"><p>Sin embargo, no ser\u00e1 f\u00e1cil. \u00bfQui\u00e9n dijo que encontrar un tesoro ser\u00eda f\u00e1cil?. No te preocupes, si lo necesitas, puedes usar las pistas de ayuda. \u00bfAceptas el reto?<\/p>\n<\/div><\/div><\/div><\/div><\/div><\/div><div class=\"vc_col-sm-4 wpb_column vc_column_container\"><div class=\"vc_column-inner\"><div class=\"wpb_wrapper\"><div class=\"w-iconbox iconpos_top style_default color_secondary align_center\"><div class=\"w-iconbox-icon\" style=\"font-size:3rem;\"><i class=\"fal fa-bullhorn\"><\/i><\/div><div class=\"w-iconbox-meta\"><h5 class=\"w-iconbox-title\">Comparte<\/h5><div class=\"w-iconbox-text\"><p>Permite que todos puedan disfrutar de este juego. Comparte y reta a amigos y compa\u00f1eros a encontrar el tesoro.<\/p>\n<\/div><\/div><\/div><\/div><\/div><\/div><\/div><div class=\"w-separator size_custom\" style=\"height:180px\"><\/div><\/div><\/div><\/div><\/div><\/div><\/section><section class=\"l-section wpb_row height_auto\"><div class=\"l-section-h i-cf\"><div class=\"g-cols vc_row type_default valign_middle reversed\"><div class=\"vc_col-sm-4 wpb_column vc_column_container animate_afl\"><div class=\"vc_column-inner\"><div class=\"wpb_wrapper\"><div class=\"w-separator size_large\"><\/div><div class=\"w-image align_none\"><div class=\"w-image-h\"><img width=\"1000\" height=\"1103\" src=\"https:\/\/tesoropargo.aytolalaguna.es\/wp-content\/uploads\/2021\/07\/Juego-con-la-torre-de-la-concepcion.jpg\" class=\"attachment-us_375_667_crop size-us_375_667_crop\" alt=\"\" srcset=\"https:\/\/tesoropargo.aytolalaguna.es\/wp-content\/uploads\/2021\/07\/Juego-con-la-torre-de-la-concepcion.jpg 1000w, https:\/\/tesoropargo.aytolalaguna.es\/wp-content\/uploads\/2021\/07\/Juego-con-la-torre-de-la-concepcion-272x300.jpg 272w, https:\/\/tesoropargo.aytolalaguna.es\/wp-content\/uploads\/2021\/07\/Juego-con-la-torre-de-la-concepcion-928x1024.jpg 928w, https:\/\/tesoropargo.aytolalaguna.es\/wp-content\/uploads\/2021\/07\/Juego-con-la-torre-de-la-concepcion-181x200.jpg 181w, https:\/\/tesoropargo.aytolalaguna.es\/wp-content\/uploads\/2021\/07\/Juego-con-la-torre-de-la-concepcion-363x400.jpg 363w\" sizes=\"(max-width: 1000px) 100vw, 1000px\" \/><\/div><\/div><div class=\"w-separator size_large\"><\/div><\/div><\/div><\/div><div class=\"vc_col-sm-8 wpb_column vc_column_container animate_afr\"><div class=\"vc_column-inner\"><div class=\"wpb_wrapper\"><div class=\"wpb_text_column\" ><div class=\"wpb_wrapper\"><h2 style=\"text-align: center;\">\u00bfC\u00f3mo jugar?<\/h2>\n<p style=\"text-align: center;\">Muy f\u00e1cil, solamente necesitas tu Smartphone con conexi\u00f3n a internet. \u00a1Es muy sencillo!\u00a0 Tendr\u00e1s que ir resolviendo los distintos acertijos para avanzar en el juego y encontrar el tesoro.\u00a0 Podr\u00e1s jugar solo o en grupo, con familiares y\/o amigos.<\/p>\n<\/div><\/div><\/div><\/div><\/div><\/div><\/div><\/section><section class=\"l-section wpb_row height_full valign_top with_img parallax_ver parallaxdir_reversed\"><div class=\"l-section-img\" style=\"background-image: url(https:\/\/tesoropargo.aytolalaguna.es\/wp-content\/uploads\/2021\/06\/2_El-Tesoro-de-Amaro-Pargo-copia-scaled.jpg);background-position: top center;\" data-img-width=\"2560\" data-img-height=\"1440\"><\/div><div class=\"l-section-h i-cf\"><div class=\"g-cols vc_row type_default valign_middle\"><div class=\"vc_col-sm-8 wpb_column vc_column_container animate_afl\"><div class=\"vc_column-inner\"><div class=\"wpb_wrapper\"><div class=\"w-separator size_medium\"><\/div><div class=\"wpb_text_column\" ><div class=\"wpb_wrapper\"><h2 style=\"text-align: center;\">Descubre La Laguna de otra manera<\/h2>\n<p style=\"text-align: center;\">Una forma divertida y \u00fanica de descubrir los tesoros que esconde la ciudad de San Crist\u00f3bal de La Laguna.<\/p>\n<\/div><\/div><div class=\"w-separator size_medium\"><\/div><div class=\"g-cols wpb_row  type_default valign_top vc_inner\"><div class=\"vc_col-sm-6 wpb_column vc_column_container\"><div class=\"vc_column-inner\"><div class=\"wpb_wrapper\"><div class=\"w-counter us_custom_75a45f8e color_secondary align_center\" data-duration=\"2000\"><div class=\"w-counter-value\"><span class=\"w-counter-value-part type_text\" data-final=\"+\"><\/span><span class=\"w-counter-value-part type_number\" data-final=\"450\">1<\/span><span class=\"w-counter-value-part type_text\" data-final=\"\"><\/span><\/div><h6 class=\"w-counter-title\">Partidas jugadas<\/h6><\/div><\/div><\/div><\/div><div class=\"vc_col-sm-6 wpb_column vc_column_container\"><div class=\"vc_column-inner\"><div class=\"wpb_wrapper\"><div class=\"w-counter us_custom_75a45f8e color_secondary align_center\" data-duration=\"2000\"><div class=\"w-counter-value\"><span class=\"w-counter-value-part type_text\" data-final=\"+\"><\/span><span class=\"w-counter-value-part type_number\" data-final=\"1500\">1<\/span><span class=\"w-counter-value-part type_text\" data-final=\"\"><\/span><\/div><h6 class=\"w-counter-title\">Jugadores<\/h6><\/div><\/div><\/div><\/div><\/div><\/div><\/div><\/div><div class=\"vc_col-sm-4 wpb_column vc_column_container animate_afr\"><div class=\"vc_column-inner\"><div class=\"wpb_wrapper\"><\/div><\/div><\/div><\/div><\/div><\/section><section class=\"l-section wpb_row height_auto\" id=\"reviews\"><div class=\"l-section-h i-cf\"><div class=\"g-cols vc_row type_default valign_top\"><div class=\"vc_col-sm-12 wpb_column vc_column_container animate_afb\"><div class=\"vc_column-inner\"><div class=\"wpb_wrapper\"><div class=\"w-separator size_medium\"><\/div><div class=\"wpb_text_column\" ><div class=\"wpb_wrapper\"><h2 style=\"text-align: center;\">Comentarios:<\/h2>\n<p style=\"text-align: center;\">Descubre lo que dicen otros jugadores<\/p>\n<\/div><\/div><div class=\"w-separator size_large\"><\/div><div class=\"w-grid type_grid layout_testimonial_6 cols_2\" id=\"us_grid_1\" data-filterable=\"true\"><style id=\"us_grid_1_css\">#us_grid_1 .w-grid-item{padding:1.5rem}#us_grid_1 .w-grid-list{margin:-1.5rem}.w-grid + #us_grid_1 .w-grid-list{margin-top:1.5rem}@media (max-width:599px){#us_grid_1 .w-grid-list{margin:0}#us_grid_1 .w-grid-item{width:100.0000%;padding:0;margin-bottom:1.5rem}}<\/style><style>.layout_testimonial_6 .w-grid-item-h{}.layout_testimonial_6 .usg_hwrapper_1{padding-top:1.5rem!important;padding-right:2.5rem!important;padding-left:2.5rem!important}.layout_testimonial_6 .usg_post_image_1{width:4rem!important;margin-left:0!important;margin-right:1rem!important}.layout_testimonial_6 .usg_post_custom_field_1{font-weight:700!important;line-height:1.5!important;margin-bottom:0!important}.layout_testimonial_6 .usg_post_custom_field_2{color:var(--color-content-faded)!important;font-size:0.9rem!important;line-height:1.5!important}.layout_testimonial_6 .usg_vwrapper_2{color:var(--color-content-text)!important;border-radius:0.3rem!important;background:var(--color-content-bg-alt)!important;padding:2rem 2.5rem 2rem 2.5rem!important}.layout_testimonial_6 .usg_post_custom_field_3{color:#fb0!important}<\/style><div class=\"w-grid-list\" >\t<article class=\"w-grid-item post-4797 us_testimonial type-us_testimonial status-publish hentry us_testimonial_category-espanol\" data-id=\"4797\">\r\n\t\t<div class=\"w-grid-item-h\">\r\n\t\t\t\t\t\t<div class=\"w-vwrapper usg_vwrapper_2 align_left valign_top grid_arrow_bottom\"><div class=\"w-post-elm post_content usg_post_content_1\"><p>Hemos hecho entre dos la ruta y nos ha encantado! Una forma muy amena de conocer nuestra ciudad, y es que pese a ser lagunera, desconoc\u00eda parte de la historia que a trav\u00e9s de este juego interactivo se narra. Muy recomendable no s\u00f3lo para los visitantes sino para los propios tinerfe\u00f1os. Gran trabajo.<\/p>\n<\/div><\/div><div class=\"w-hwrapper usg_hwrapper_1 align_left valign_middle\"><div class=\"w-vwrapper usg_vwrapper_1 align_left valign_top\"><div class=\"w-post-elm post_custom_field usg_post_custom_field_1 type_text\"><p>Rebeca<\/p>\n<\/div><div class=\"w-post-elm post_custom_field usg_post_custom_field_2 type_text has_text_color\"><\/div><\/div><\/div>\t\t<\/div>\r\n\t<\/article>\r\n\t<article class=\"w-grid-item post-3000 us_testimonial type-us_testimonial status-publish hentry us_testimonial_category-espanol\" data-id=\"3000\">\r\n\t\t<div class=\"w-grid-item-h\">\r\n\t\t\t\t\t\t<div class=\"w-vwrapper usg_vwrapper_2 align_left valign_top grid_arrow_bottom\"><div class=\"w-post-elm post_content usg_post_content_1\"><p>Una diferente y muy bonita de conocer esta bella ciudad de San Crist\u00f3bal de La Laguna , y de conocer un poco de su historia , la historia de todos los canarios.<br \/>\nGracias al ayuntamiento por brindar est\u00e1 forma tan divertida de conocer nuestro patrimonio.<\/p>\n<\/div><\/div><div class=\"w-hwrapper usg_hwrapper_1 align_left valign_middle\"><div class=\"w-vwrapper usg_vwrapper_1 align_left valign_top\"><div class=\"w-post-elm post_custom_field usg_post_custom_field_1 type_text\"><p>Celi y Pedro<\/p>\n<\/div><div class=\"w-post-elm post_custom_field usg_post_custom_field_2 type_text has_text_color\"><\/div><\/div><\/div>\t\t<\/div>\r\n\t<\/article>\r\n<\/div><div class=\"w-grid-preloader\"><div class=\"g-preloader type_1\">\r\n\t<div><\/div>\r\n<\/div>\r\n<\/div>\t<div class=\"w-grid-json hidden\" onclick='return {&quot;action&quot;:&quot;us_ajax_grid&quot;,&quot;ajax_url&quot;:&quot;https:\\\/\\\/tesoropargo.aytolalaguna.es\\\/wp-admin\\\/admin-ajax.php&quot;,&quot;infinite_scroll&quot;:0,&quot;max_num_pages&quot;:2,&quot;pagination&quot;:&quot;none&quot;,&quot;permalink_url&quot;:&quot;https:\\\/\\\/tesoropargo.aytolalaguna.es\\\/inicio\\\/wp-json\\\/wp\\\/v2\\\/pages\\\/360&quot;,&quot;template_vars&quot;:{&quot;columns&quot;:&quot;2&quot;,&quot;exclude_items&quot;:&quot;none&quot;,&quot;img_size&quot;:&quot;default&quot;,&quot;ignore_items_size&quot;:false,&quot;items_layout&quot;:&quot;testimonial_6&quot;,&quot;items_offset&quot;:&quot;1&quot;,&quot;load_animation&quot;:&quot;none&quot;,&quot;overriding_link&quot;:&quot;none&quot;,&quot;post_id&quot;:360,&quot;query_args&quot;:{&quot;post_type&quot;:[&quot;us_testimonial&quot;],&quot;tax_query&quot;:[{&quot;taxonomy&quot;:&quot;us_testimonial_category&quot;,&quot;field&quot;:&quot;slug&quot;,&quot;terms&quot;:[&quot;espanol&quot;]}],&quot;post_status&quot;:[&quot;publish&quot;],&quot;posts_per_page&quot;:&quot;2&quot;},&quot;orderby_query_args&quot;:{&quot;orderby&quot;:{&quot;date&quot;:&quot;DESC&quot;}},&quot;type&quot;:&quot;grid&quot;,&quot;us_grid_ajax_index&quot;:1,&quot;us_grid_filter_params&quot;:null,&quot;us_grid_index&quot;:1,&quot;_us_grid_post_type&quot;:&quot;us_testimonial&quot;}}'><\/div>\r\n\t<\/div><div class=\"w-separator size_large\"><\/div><\/div><\/div><\/div><\/div><\/div><\/section><section class=\"l-section wpb_row height_full valign_center color_primary\" id=\"download\"><div class=\"l-section-h i-cf\"><div class=\"g-cols vc_row type_default valign_top\"><div class=\"vc_col-sm-12 wpb_column vc_column_container animate_afb\"><div class=\"vc_column-inner\"><div class=\"wpb_wrapper\"><div class=\"w-image align_center\"><div class=\"w-image-h\"><img width=\"300\" height=\"300\" src=\"https:\/\/tesoropargo.aytolalaguna.es\/wp-content\/uploads\/2021\/07\/Amaro-Pargo_blanco_ojos-300x300.png\" class=\"attachment-medium size-medium\" alt=\"\" srcset=\"https:\/\/tesoropargo.aytolalaguna.es\/wp-content\/uploads\/2021\/07\/Amaro-Pargo_blanco_ojos-300x300.png 300w, https:\/\/tesoropargo.aytolalaguna.es\/wp-content\/uploads\/2021\/07\/Amaro-Pargo_blanco_ojos-150x150.png 150w, https:\/\/tesoropargo.aytolalaguna.es\/wp-content\/uploads\/2021\/07\/Amaro-Pargo_blanco_ojos-200x200.png 200w, https:\/\/tesoropargo.aytolalaguna.es\/wp-content\/uploads\/2021\/07\/Amaro-Pargo_blanco_ojos-400x400.png 400w, https:\/\/tesoropargo.aytolalaguna.es\/wp-content\/uploads\/2021\/07\/Amaro-Pargo_blanco_ojos.png 1000w\" sizes=\"(max-width: 300px) 100vw, 300px\" \/><\/div><\/div><div class=\"w-separator size_small\"><\/div><div class=\"wpb_text_column\" ><div class=\"wpb_wrapper\"><h2 style=\"text-align: center;\">\u00bfA qu\u00e9 esperas?<\/h2>\n<p style=\"text-align: center;\">\u00a1Comienza tu aventura!<\/p>\n<\/div><\/div><div class=\"w-separator size_small\"><\/div><div class=\"w-btn-wrapper width_auto align_center\"><a class=\"w-btn us-btn-style_4 us_custom_b4198c51 icon_atleft\" title=\"\u00a1preparando la aventura!\" target=\"_blank\" rel=\"nofollow noopener\" href=\"https:\/\/tesoropargo.aytolalaguna.es\/preparando-la-aventura\/\"><i class=\"fal fa-play\"><\/i><span class=\"w-btn-label\">JUGAR<\/span><\/a><\/div><\/div><\/div><\/div><\/div><\/div><\/section>\n","protected":false},"excerpt":{"rendered":"Una diferente y muy bonita de conocer esta bella ciudad de San Crist\u00f3bal de La Laguna , y de conocer un poco de su historia , la historia de todos los canarios. Gracias al ayuntamiento por brindar est\u00e1 forma tan divertida de conocer nuestro patrimonio.","protected":false},"author":1,"featured_media":0,"parent":0,"menu_order":0,"comment_status":"closed","ping_status":"closed","template":"","meta":[],"_links":{"self":[{"href":"https:\/\/tesoropargo.aytolalaguna.es\/inicio\/wp-json\/wp\/v2\/pages\/360"}],"collection":[{"href":"https:\/\/tesoropargo.aytolalaguna.es\/inicio\/wp-json\/wp\/v2\/pages"}],"about":[{"href":"https:\/\/tesoropargo.aytolalaguna.es\/inicio\/wp-json\/wp\/v2\/types\/page"}],"author":[{"embeddable":true,"href":"https:\/\/tesoropargo.aytolalaguna.es\/inicio\/wp-json\/wp\/v2\/users\/1"}],"replies":[{"embeddable":true,"href":"https:\/\/tesoropargo.aytolalaguna.es\/inicio\/wp-json\/wp\/v2\/comments?post=360"}],"version-history":[{"count":97,"href":"https:\/\/tesoropargo.aytolalaguna.es\/inicio\/wp-json\/wp\/v2\/pages\/360\/revisions"}],"predecessor-version":[{"id":5231,"href":"https:\/\/tesoropargo.aytolalaguna.es\/inicio\/wp-json\/wp\/v2\/pages\/360\/revisions\/5231"}],"wp:attachment":[{"href":"https:\/\/tesoropargo.aytolalaguna.es\/inicio\/wp-json\/wp\/v2\/media?parent=360"}],"curies":[{"name":"wp","href":"https:\/\/api.w.org\/{rel}","templated":true}]}}