{"id":3300,"date":"2021-06-14T20:33:48","date_gmt":"2021-06-14T20:33:48","guid":{"rendered":"https:\/\/tesoropargo.aytolalaguna.es\/?page_id=3300"},"modified":"2021-07-26T09:33:10","modified_gmt":"2021-07-26T09:33:10","slug":"comienza-la-aventura","status":"publish","type":"page","link":"https:\/\/tesoropargo.aytolalaguna.es\/inicio\/comienza-la-aventura\/","title":{"rendered":"Comienza la aventura"},"content":{"rendered":"<section class=\"l-section wpb_row height_medium\"><div class=\"l-section-h i-cf\"><div class=\"g-cols vc_row type_default valign_top\"><div class=\"vc_col-sm-12 wpb_column vc_column_container\"><div class=\"vc_column-inner\"><div class=\"wpb_wrapper\"><h2 class=\"w-post-elm post_title us_custom_6745946f align_center entry-title color_link_inherit has_text_color\">Comienza la aventura<\/h2><div class=\"w-separator size_large\"><\/div><div class=\"wpb_text_column\" ><div class=\"wpb_wrapper\"><p style=\"text-align: center;\">Escucha el audio<\/p>\n<\/div><\/div>[vc_raw_html css=\u00bb%7B%22default%22%3A%7B%22text-align%22%3A%22center%22%7D%7D\u00bb]JTVCc2NfZW1iZWRfcGxheWVyX3RlbXBsYXRlMSUyMGZpbGV1cmwlM0QlMjJodHRwcyUzQSUyRiUyRnRlc29yb3BhcmdvLmF5dG9sYWxhZ3VuYS5lcyUyRndwLWNvbnRlbnQlMkZ1cGxvYWRzJTJGMjAyMSUyRjA3JTJGMi1Db21pZW56YS1sYS1hdmVudHVyYS5tcDMlMjIlNUQlMEElMEElMEE=[\/vc_raw_html]<div class=\"w-separator size_large\"><\/div><div class=\"g-cols wpb_row  type_default valign_top vc_inner\"><div class=\"vc_col-sm-6 wpb_column vc_column_container\"><div class=\"vc_column-inner\"><div class=\"wpb_wrapper\"><div class=\"wpb_text_column\" ><div class=\"wpb_wrapper\"><\/div><\/div><div class=\"wpb_text_column\" ><div class=\"wpb_wrapper\"><p style=\"text-align: center;\">Amaro Rodr\u00edguez-Felipe y Tejera Machado\u00a0 m\u00e1s popularmente conocido como Amaro Pargo, fue un corsario,\u200b prestamista y comerciante lagunero.<\/p>\n<p style=\"text-align: center;\">Amaro fue la persona m\u00e1s rica de Canarias en su d\u00eda. Cuenta la historia que ten\u00eda un tesoro valorado en millones de euros que nunca fue encontrado&#8230;<\/p>\n<p style=\"text-align: center;\"><strong>\u00a1Tu misi\u00f3n es encontrar el famoso tesoro!<\/strong><\/p>\n<\/div><\/div><\/div><\/div><\/div><div class=\"vc_col-sm-6 wpb_column vc_column_container\"><div class=\"vc_column-inner\"><div class=\"wpb_wrapper\"><div class=\"w-image align_center animate_afc\"><div class=\"w-image-h\"><img width=\"900\" height=\"854\" src=\"https:\/\/tesoropargo.aytolalaguna.es\/wp-content\/uploads\/2021\/06\/Amaro_Pargo.jpg\" class=\"attachment-large size-large\" alt=\"\" srcset=\"https:\/\/tesoropargo.aytolalaguna.es\/wp-content\/uploads\/2021\/06\/Amaro_Pargo.jpg 900w, https:\/\/tesoropargo.aytolalaguna.es\/wp-content\/uploads\/2021\/06\/Amaro_Pargo-300x285.jpg 300w, https:\/\/tesoropargo.aytolalaguna.es\/wp-content\/uploads\/2021\/06\/Amaro_Pargo-200x190.jpg 200w\" sizes=\"(max-width: 900px) 100vw, 900px\" \/><\/div><\/div><\/div><\/div><\/div><\/div><\/div><\/div><\/div><\/div><\/div><\/section><section class=\"l-section wpb_row height_full valign_top with_img with_shape\"><div class=\"l-section-img\" style=\"background-image: url(https:\/\/tesoropargo.aytolalaguna.es\/wp-content\/uploads\/2021\/06\/FONDO-PARA-ACERTIJO-2_calavera-arriba.jpg);background-position: top center;background-repeat: no-repeat;\" data-img-width=\"1055\" data-img-height=\"1500\"><\/div><div class=\"l-section-shape type_custom pos_top\" style=\"color:var(--color-content-bg);\"><svg xmlns=\"http:\/\/www.w3.org\/2000\/svg\" viewBox=\"0 0 1000 100\" preserveAspectRatio=\"none\" width=\"100%\" height=\"100%\" fill=\"currentColor\">\r\n<\/svg><\/div><div class=\"l-section-h i-cf\"><div class=\"g-cols vc_row type_default valign_top\"><div class=\"vc_col-sm-12 wpb_column vc_column_container\"><div class=\"vc_column-inner\"><div class=\"wpb_wrapper\"><div class=\"w-separator size_custom\" style=\"height:120px\"><\/div><div class=\"wpb_text_column\" ><div class=\"wpb_wrapper\"><h2 style=\"text-align: center;\">Ubic\u00e1ndonos<\/h2>\n<\/div><\/div><div class=\"wpb_text_column\" ><div class=\"wpb_wrapper\"><p style=\"text-align: center;\">Si hay un lugar donde buscar las pistas, \u00e9sa es la ciudad de San Crist\u00f3bal de La Laguna.<\/p>\n<p style=\"text-align: center;\">Dir\u00edgete a la <strong>Iglesia de La Concepci\u00f3n de La Laguna.\u00a0\u00a0<\/strong><\/p>\n<p style=\"text-align: center;\">Si no sabes donde es, pulsa en el mapa.<\/p>\n<p style=\"text-align: center;\"><a href=\"https:\/\/goo.gl\/maps\/YsbVmaR6EC9pQU8n7\" target=\"_blank\" rel=\"noopener\"><img class=\"aligncenter wp-image-3479 size-medium\" src=\"https:\/\/tesoropargo.aytolalaguna.es\/wp-content\/uploads\/2021\/06\/ICONO-PARA-LOS-MAPAS-300x217.png\" alt=\"\" width=\"300\" height=\"217\" srcset=\"https:\/\/tesoropargo.aytolalaguna.es\/wp-content\/uploads\/2021\/06\/ICONO-PARA-LOS-MAPAS-300x217.png 300w, https:\/\/tesoropargo.aytolalaguna.es\/wp-content\/uploads\/2021\/06\/ICONO-PARA-LOS-MAPAS-200x145.png 200w, https:\/\/tesoropargo.aytolalaguna.es\/wp-content\/uploads\/2021\/06\/ICONO-PARA-LOS-MAPAS.png 400w\" sizes=\"(max-width: 300px) 100vw, 300px\" \/><\/a><\/p>\n<p style=\"text-align: center;\">Una vez all\u00ed, pulsa el bot\u00f3n, siguiente pista.<\/p>\n<\/div><\/div><div class=\"w-btn-wrapper width_auto align_center\"><a class=\"w-btn us-btn-style_1\" title=\"La torre de la Concepci\u00f3n\" href=\"https:\/\/tesoropargo.aytolalaguna.es\/la-torre-de-la-concepcion\/\"><span class=\"w-btn-label\">Siguiente pista<\/span><\/a><\/div><\/div><\/div><\/div><\/div><\/div><\/section>\n","protected":false},"excerpt":{"rendered":"Comienza la aventura Escucha el audio [vc_raw_html css=\"%7B%22default%22%3A%7B%22text-align%22%3A%22center%22%7D%7D\"]JTVCc2NfZW1iZWRfcGxheWVyX3RlbXBsYXRlMSUyMGZpbGV1cmwlM0QlMjJodHRwcyUzQSUyRiUyRnRlc29yb3BhcmdvLmF5dG9sYWxhZ3VuYS5lcyUyRndwLWNvbnRlbnQlMkZ1cGxvYWRzJTJGMjAyMSUyRjA3JTJGMi1Db21pZW56YS1sYS1hdmVudHVyYS5tcDMlMjIlNUQlMEElMEElMEE=[\/vc_raw_html] Amaro Rodr\u00edguez-Felipe y Tejera Machado\u00a0 m\u00e1s popularmente conocido como Amaro Pargo, fue un corsario,\u200b prestamista y comerciante lagunero. Amaro fue la persona m\u00e1s rica de Canarias en su d\u00eda. Cuenta la historia que ten\u00eda un tesoro valorado en millones de euros que nunca fue encontrado&#8230; \u00a1Tu misi\u00f3n...","protected":false},"author":1,"featured_media":0,"parent":0,"menu_order":0,"comment_status":"closed","ping_status":"closed","template":"","meta":[],"_links":{"self":[{"href":"https:\/\/tesoropargo.aytolalaguna.es\/inicio\/wp-json\/wp\/v2\/pages\/3300"}],"collection":[{"href":"https:\/\/tesoropargo.aytolalaguna.es\/inicio\/wp-json\/wp\/v2\/pages"}],"about":[{"href":"https:\/\/tesoropargo.aytolalaguna.es\/inicio\/wp-json\/wp\/v2\/types\/page"}],"author":[{"embeddable":true,"href":"https:\/\/tesoropargo.aytolalaguna.es\/inicio\/wp-json\/wp\/v2\/users\/1"}],"replies":[{"embeddable":true,"href":"https:\/\/tesoropargo.aytolalaguna.es\/inicio\/wp-json\/wp\/v2\/comments?post=3300"}],"version-history":[{"count":32,"href":"https:\/\/tesoropargo.aytolalaguna.es\/inicio\/wp-json\/wp\/v2\/pages\/3300\/revisions"}],"predecessor-version":[{"id":4075,"href":"https:\/\/tesoropargo.aytolalaguna.es\/inicio\/wp-json\/wp\/v2\/pages\/3300\/revisions\/4075"}],"wp:attachment":[{"href":"https:\/\/tesoropargo.aytolalaguna.es\/inicio\/wp-json\/wp\/v2\/media?parent=3300"}],"curies":[{"name":"wp","href":"https:\/\/api.w.org\/{rel}","templated":true}]}}