{"id":3280,"date":"2021-06-14T16:07:34","date_gmt":"2021-06-14T16:07:34","guid":{"rendered":"https:\/\/tesoropargo.aytolalaguna.es\/?page_id=3280"},"modified":"2022-07-01T11:06:29","modified_gmt":"2022-07-01T11:06:29","slug":"preparando-la-aventura","status":"publish","type":"page","link":"https:\/\/tesoropargo.aytolalaguna.es\/inicio\/preparando-la-aventura\/","title":{"rendered":"\u00a1preparando la aventura!"},"content":{"rendered":"<section class=\"l-section wpb_row height_medium\"><div class=\"l-section-h i-cf\"><div class=\"g-cols vc_row type_default valign_top\"><div class=\"vc_col-sm-12 wpb_column vc_column_container\"><div class=\"vc_column-inner\"><div class=\"wpb_wrapper\"><div class=\"wpb_text_column\" ><div class=\"wpb_wrapper\"><h1 style=\"text-align: center;\">\u00a1Antes de empezar!<\/h1>\n<p style=\"text-align: center;\">Primero hay que comprobar que tenemos todo lo necesario para encontrar el ansiado tesoro.<\/p>\n<\/div><\/div><div class=\"w-separator size_large\"><\/div><div class=\"wpb_text_column\" ><div class=\"wpb_wrapper\"><p style=\"text-align: center;\">Escucha el audio<\/p>\n<\/div><\/div>[vc_raw_html css=\u00bb%7B%22default%22%3A%7B%22text-align%22%3A%22center%22%7D%7D\u00bb]JTVCc2NfZW1iZWRfcGxheWVyX3RlbXBsYXRlMSUyMGZpbGV1cmwlM0QlMjJodHRwcyUzQSUyRiUyRnRlc29yb3BhcmdvLmF5dG9sYWxhZ3VuYS5lcyUyRndwLWNvbnRlbnQlMkZ1cGxvYWRzJTJGMjAyMSUyRjA2JTJGMS1FbXBlemFuZG8tbGEtYXZlbnR1cmEubXAzJTIyJTVEJTBBJTBBJTBB[\/vc_raw_html]<div class=\"w-separator size_large\"><\/div><div class=\"wpb_text_column\" ><div class=\"wpb_wrapper\"><h2 style=\"text-align: center;\">\u00bfQu\u00e9 necesito?<\/h2>\n<\/div><\/div><div class=\"w-separator size_medium with_line width_default thick_1 style_solid color_border align_center\"><div class=\"w-separator-h\"><\/div><\/div><div class=\"g-cols wpb_row  type_default valign_top vc_inner\"><div class=\"vc_col-sm-4 wpb_column vc_column_container\"><div class=\"vc_column-inner\"><div class=\"wpb_wrapper\"><div class=\"w-iconbox iconpos_top style_default color_primary align_center\"><div class=\"w-iconbox-icon\"><i class=\"fal fa-mobile\"><\/i><\/div><div class=\"w-iconbox-meta\"><h4 class=\"w-iconbox-title\">Smartphone<\/h4><div class=\"w-iconbox-text\"><p>Tel\u00e9fono m\u00f3vil, con suficiente bater\u00eda y conexi\u00f3n a internet.<\/p>\n<\/div><\/div><\/div><\/div><\/div><\/div><div class=\"vc_col-sm-4 wpb_column vc_column_container\"><div class=\"vc_column-inner\"><div class=\"wpb_wrapper\"><div class=\"w-iconbox iconpos_top style_default color_primary align_center\"><div class=\"w-iconbox-icon\"><i class=\"fal fa-users\"><\/i><\/div><div class=\"w-iconbox-meta\"><h4 class=\"w-iconbox-title\">Compa\u00f1eros de b\u00fasqueda<\/h4><div class=\"w-iconbox-text\"><p>Disfruta este juego con compa\u00f1eros de b\u00fasqueda. Puedes hacerlo solo, pero con compa\u00f1eros siempre es m\u00e1s divertido.<\/p>\n<\/div><\/div><\/div><\/div><\/div><\/div><div class=\"vc_col-sm-4 wpb_column vc_column_container\"><div class=\"vc_column-inner\"><div class=\"wpb_wrapper\"><div class=\"w-iconbox iconpos_top style_default color_primary align_center\"><div class=\"w-iconbox-icon\"><i class=\"fal fa-location\"><\/i><\/div><div class=\"w-iconbox-meta\"><h4 class=\"w-iconbox-title\">Estoy en el punto de comienzo.<\/h4><div class=\"w-iconbox-text\"><p>El punto de comienzo es La torre de la Iglesia de la Concepci\u00f3n de La Laguna. Si no sabes d\u00f3nde est\u00e1, no te preocupes.\u00a0 Aqu\u00ed tienes un mapa:<\/p>\n<p><a href=\"https:\/\/goo.gl\/maps\/8f97ruyfA3w9xNdh9\" target=\"_blank\" rel=\"noopener\"><img class=\"alignnone wp-image-3479 size-medium\" src=\"https:\/\/tesoropargo.aytolalaguna.es\/wp-content\/uploads\/2021\/06\/ICONO-PARA-LOS-MAPAS-300x217.png\" alt=\"\" width=\"300\" height=\"217\" srcset=\"https:\/\/tesoropargo.aytolalaguna.es\/wp-content\/uploads\/2021\/06\/ICONO-PARA-LOS-MAPAS-300x217.png 300w, https:\/\/tesoropargo.aytolalaguna.es\/wp-content\/uploads\/2021\/06\/ICONO-PARA-LOS-MAPAS-200x145.png 200w, https:\/\/tesoropargo.aytolalaguna.es\/wp-content\/uploads\/2021\/06\/ICONO-PARA-LOS-MAPAS.png 400w\" sizes=\"(max-width: 300px) 100vw, 300px\" \/><\/a><\/p>\n<p>Pulsa en el mapa para ver su ubicaci\u00f3n.<\/p>\n<\/div><\/div><\/div><\/div><\/div><\/div><div class=\"vc_col-sm-12 wpb_column vc_column_container\"><div class=\"vc_column-inner\"><div class=\"wpb_wrapper\"><div class=\"wpb_text_column\" ><div class=\"wpb_wrapper\"><h2 style=\"text-align: center;\">\u00bfC\u00f3mo jugar?<\/h2>\n<\/div><\/div><div class=\"w-separator size_medium with_line width_default thick_1 style_solid color_border align_center\"><div class=\"w-separator-h\"><\/div><\/div><\/div><\/div><\/div><\/div><div class=\"g-cols wpb_row  type_default valign_top vc_inner\"><div class=\"vc_col-sm-4 wpb_column vc_column_container\"><div class=\"vc_column-inner\"><div class=\"wpb_wrapper\"><div class=\"w-iconbox iconpos_top style_default color_primary align_center\"><div class=\"w-iconbox-icon\"><i class=\"fal fa-eye\"><\/i><\/div><div class=\"w-iconbox-meta\"><h4 class=\"w-iconbox-title\">Lee con atenci\u00f3n<\/h4><div class=\"w-iconbox-text\"><p>Lee con atenci\u00f3n las pistas y la historia.<\/p>\n<\/div><\/div><\/div><\/div><\/div><\/div><div class=\"vc_col-sm-4 wpb_column vc_column_container\"><div class=\"vc_column-inner\"><div class=\"wpb_wrapper\"><div class=\"w-iconbox iconpos_top style_default color_primary align_center\"><div class=\"w-iconbox-icon\"><i class=\"fal fa-lock\"><\/i><\/div><div class=\"w-iconbox-meta\"><h4 class=\"w-iconbox-title\">Resuelve los acertijos<\/h4><div class=\"w-iconbox-text\"><p>Resuelve los acertijos y avanza en el juego<\/p>\n<\/div><\/div><\/div><\/div><\/div><\/div><div class=\"vc_col-sm-4 wpb_column vc_column_container\"><div class=\"vc_column-inner\"><div class=\"wpb_wrapper\"><div class=\"w-iconbox iconpos_top style_default color_primary align_center\"><div class=\"w-iconbox-icon\"><i class=\"fal fa-key\"><\/i><\/div><div class=\"w-iconbox-meta\"><h4 class=\"w-iconbox-title\">Introduce la soluci\u00f3n<\/h4><div class=\"w-iconbox-text\"><p>Introduce la soluci\u00f3n correcta.<\/p>\n<p>Para asegurarnos de que funciona, introduce la <strong>palabra \u00abJUGAR\u00bb<\/strong>\u00a0en el cuadro que ves aqu\u00ed abajo y dale a comprobar.\u00a0<em>Recuerda que podr\u00e1s hacer tantos intentos como quieras y el mensaje cambiar\u00e1 si tu palabra es la correcta.\u00a0<\/em><\/p>\n<div class=\"wptrigger_contents\"><a name=\"wptriggers1\"><\/a><div class=\"wptrigger_contents\">\r\n\t\t\t<div class=\"wptrigger_content\"> <input type=\"text\" class=\"wptgg_pass_key1 wptrigger1   wptrigger1-triggerbox\" placeholder=\"Introduce la soluci\u00f3n aqu\u00ed\"  \/> <input type=\"submit\" class=\"alignment below_100_100 wptrigger1-button\" style=\"\" value=\"COMPROBAR\"><\/input><span class=\"wptgg_action\">&nbsp;<\/span>\r\n\t\t\t<div class=\"wptrigger_append\"><\/div>\r\n\t\t<\/div>\r\n\t<\/div><form class=\"wptgg_form\" method=\"post\" action=\"\">\r\n\t\t<input type=\"hidden\" class = \"hi_wptgg_id\" value=\"1\" \/>\r\n\t\t<input type=\"hidden\" class = \"hi_pass_key\" value=\"\" \/>\r\n\t\t<input type=\"hidden\" class = \"hi_wptgg_num\" value=\"1\" \/>\r\n\t\t<input type=\"hidden\" name=\"\" class=\"hi_wptrr_pass_keys\" value=\"\" \/>\r\n\t\t<input type=\"hidden\" name=\"hi_wptgg_history_id\" class=\"hi_wptgg_history_id\" value=\"\" \/>\r\n\t\t<input type=\"hidden\" name=\"hi_wptgg_optinbox_sent\" class=\"hi_wptgg_optinbox_sent\" value=\"false\" \/>\r\n\t<\/form><\/div>\n<\/div><\/div><\/div><\/div><\/div><\/div><\/div><\/div><\/div><\/div><\/div><\/div><\/section><section class=\"l-section wpb_row height_large color_alternate\"><div class=\"l-section-h i-cf\"><div class=\"g-cols vc_row type_default valign_top\"><div class=\"vc_col-sm-12 wpb_column vc_column_container\"><div class=\"vc_column-inner\"><div class=\"wpb_wrapper\"><div class=\"wpb_text_column\" ><div class=\"wpb_wrapper\"><h2 style=\"text-align: center;\">\u00a1Todo preparado!<\/h2>\n<\/div><\/div><div class=\"w-separator size_medium\"><\/div><div class=\"w-image align_center\"><div class=\"w-image-h\"><img width=\"300\" height=\"300\" src=\"https:\/\/tesoropargo.aytolalaguna.es\/wp-content\/uploads\/2021\/09\/Cabeza-tumba_AP-300x300-1.png\" class=\"attachment-medium size-medium\" alt=\"\" srcset=\"https:\/\/tesoropargo.aytolalaguna.es\/wp-content\/uploads\/2021\/09\/Cabeza-tumba_AP-300x300-1.png 300w, https:\/\/tesoropargo.aytolalaguna.es\/wp-content\/uploads\/2021\/09\/Cabeza-tumba_AP-300x300-1-150x150.png 150w, https:\/\/tesoropargo.aytolalaguna.es\/wp-content\/uploads\/2021\/09\/Cabeza-tumba_AP-300x300-1-200x200.png 200w\" sizes=\"(max-width: 300px) 100vw, 300px\" \/><\/div><\/div><div class=\"w-btn-wrapper width_auto align_center\"><a class=\"w-btn us-btn-style_1\" title=\"Comienza la aventura\" href=\"https:\/\/tesoropargo.aytolalaguna.es\/comienza-la-aventura\/\"><span class=\"w-btn-label\">Aceptar condiciones y EMPEZAR EL JUEGO<\/span><\/a><\/div><div class=\"w-separator size_medium\"><\/div><div class=\"w-btn-wrapper width_auto align_center\"><a class=\"w-btn us-btn-style_6\" title=\"Comienza la aventura\" href=\"https:\/\/tesoropargo.aytolalaguna.es\/terminos-y-condiciones\/\"><span class=\"w-btn-label\">T\u00e9rminos y condiciones<\/span><\/a><\/div><\/div><\/div><\/div><\/div><\/div><\/section>\n","protected":false},"excerpt":{"rendered":"\u00a1Antes de empezar! Primero hay que comprobar que tenemos todo lo necesario para encontrar el ansiado tesoro. Escucha el audio [vc_raw_html css=\"%7B%22default%22%3A%7B%22text-align%22%3A%22center%22%7D%7D\"]JTVCc2NfZW1iZWRfcGxheWVyX3RlbXBsYXRlMSUyMGZpbGV1cmwlM0QlMjJodHRwcyUzQSUyRiUyRnRlc29yb3BhcmdvLmF5dG9sYWxhZ3VuYS5lcyUyRndwLWNvbnRlbnQlMkZ1cGxvYWRzJTJGMjAyMSUyRjA2JTJGMS1FbXBlemFuZG8tbGEtYXZlbnR1cmEubXAzJTIyJTVEJTBBJTBBJTBB[\/vc_raw_html]\u00bfQu\u00e9 necesito? SmartphoneTel\u00e9fono m\u00f3vil, con suficiente bater\u00eda y conexi\u00f3n a internet. Compa\u00f1eros de b\u00fasquedaDisfruta este juego con compa\u00f1eros de b\u00fasqueda. Puedes hacerlo solo, pero con compa\u00f1eros siempre es m\u00e1s divertido. Estoy en el punto...","protected":false},"author":1,"featured_media":0,"parent":0,"menu_order":0,"comment_status":"closed","ping_status":"closed","template":"","meta":[],"_links":{"self":[{"href":"https:\/\/tesoropargo.aytolalaguna.es\/inicio\/wp-json\/wp\/v2\/pages\/3280"}],"collection":[{"href":"https:\/\/tesoropargo.aytolalaguna.es\/inicio\/wp-json\/wp\/v2\/pages"}],"about":[{"href":"https:\/\/tesoropargo.aytolalaguna.es\/inicio\/wp-json\/wp\/v2\/types\/page"}],"author":[{"embeddable":true,"href":"https:\/\/tesoropargo.aytolalaguna.es\/inicio\/wp-json\/wp\/v2\/users\/1"}],"replies":[{"embeddable":true,"href":"https:\/\/tesoropargo.aytolalaguna.es\/inicio\/wp-json\/wp\/v2\/comments?post=3280"}],"version-history":[{"count":40,"href":"https:\/\/tesoropargo.aytolalaguna.es\/inicio\/wp-json\/wp\/v2\/pages\/3280\/revisions"}],"predecessor-version":[{"id":5200,"href":"https:\/\/tesoropargo.aytolalaguna.es\/inicio\/wp-json\/wp\/v2\/pages\/3280\/revisions\/5200"}],"wp:attachment":[{"href":"https:\/\/tesoropargo.aytolalaguna.es\/inicio\/wp-json\/wp\/v2\/media?parent=3280"}],"curies":[{"name":"wp","href":"https:\/\/api.w.org\/{rel}","templated":true}]}}